{"id":366,"date":"2017-05-17T12:40:43","date_gmt":"2017-05-17T12:40:43","guid":{"rendered":"http:\/\/thecedition.com\/?post_type=product&#038;p=366"},"modified":"2026-03-26T16:58:42","modified_gmt":"2026-03-26T14:58:42","slug":"melissa","status":"publish","type":"product","link":"https:\/\/thecedition.com\/es\/product\/melissa\/","title":{"rendered":"MELISSA"},"content":{"rendered":"","protected":false},"excerpt":{"rendered":"<p><strong>Editor\u2019s Note\u00a0<\/strong><\/p>\n<div class=\"page\" title=\"Page 58\">\n<div class=\"section\">\n<div class=\"layoutArea\">\n<div class=\"column\">\n<p>\u201dMelissa\u00bb est\u00e1 fuertemente influenciada en los a\u00f1os 80, por lo que debe ser usada como corresponde. P\u00f3ntelo con unos pantalones o unos vaqueros de cintura alta. Tambi\u00e9n se puede usar en ocasiones m\u00e1s formales. Enfatiza tu atuendo con accesorios e intenta seguir nuestro consejo de usar aretes largos.<\/p>\n<\/div>\n<\/div>\n<\/div>\n<\/div>\n<p><strong>Product Details:<\/strong><\/p>\n<ul>\n<li>Cotton bodysuit: 94% Cotton, 6% Elastane<\/li>\n<li>Machine washable<\/li>\n<li>Colour: Black<\/li>\n<li>Handmade in Greece<\/li>\n<\/ul>\n","protected":false},"featured_media":311,"comment_status":"open","ping_status":"closed","template":"","meta":{"_acf_changed":false,"_exactmetrics_skip_tracking":false,"_exactmetrics_sitenote_active":false,"_exactmetrics_sitenote_note":"","_exactmetrics_sitenote_category":0},"product_brand":[],"product_cat":[157,58,78,91,82],"product_tag":[155],"class_list":{"0":"post-366","1":"product","2":"type-product","3":"status-publish","4":"has-post-thumbnail","6":"product_cat-day-to-night","7":"product_cat-circle","8":"product_cat-cotton","9":"product_cat-stayhome","10":"product_cat-winter-essential","11":"product_tag-best-sellers","12":"product_shipping_class-standard","14":"first","15":"instock","16":"shipping-taxable","17":"purchasable","18":"product-type-variable","19":"has-default-attributes"},"acf":[],"_links":{"self":[{"href":"https:\/\/thecedition.com\/es\/wp-json\/wp\/v2\/product\/366","targetHints":{"allow":["GET"]}}],"collection":[{"href":"https:\/\/thecedition.com\/es\/wp-json\/wp\/v2\/product"}],"about":[{"href":"https:\/\/thecedition.com\/es\/wp-json\/wp\/v2\/types\/product"}],"replies":[{"embeddable":true,"href":"https:\/\/thecedition.com\/es\/wp-json\/wp\/v2\/comments?post=366"}],"wp:featuredmedia":[{"embeddable":true,"href":"https:\/\/thecedition.com\/es\/wp-json\/wp\/v2\/media\/311"}],"wp:attachment":[{"href":"https:\/\/thecedition.com\/es\/wp-json\/wp\/v2\/media?parent=366"}],"wp:term":[{"taxonomy":"product_brand","embeddable":true,"href":"https:\/\/thecedition.com\/es\/wp-json\/wp\/v2\/product_brand?post=366"},{"taxonomy":"product_cat","embeddable":true,"href":"https:\/\/thecedition.com\/es\/wp-json\/wp\/v2\/product_cat?post=366"},{"taxonomy":"product_tag","embeddable":true,"href":"https:\/\/thecedition.com\/es\/wp-json\/wp\/v2\/product_tag?post=366"}],"curies":[{"name":"wp","href":"https:\/\/api.w.org\/{rel}","templated":true}]}}