{"id":5536,"date":"2021-09-10T10:43:43","date_gmt":"2021-09-10T08:43:43","guid":{"rendered":"https:\/\/thecedition.com\/?post_type=product&#038;p=5536"},"modified":"2026-02-18T15:26:00","modified_gmt":"2026-02-18T13:26:00","slug":"celia","status":"publish","type":"product","link":"https:\/\/thecedition.com\/es\/product\/celia\/","title":{"rendered":"CELIA"},"content":{"rendered":"","protected":false},"excerpt":{"rendered":"<p class=\"p1\"><strong>Editor&#8217;s Note:<\/strong><\/p>\n<p>No hay nada que adular\u00e1 tu cuerpo m\u00e1s que el body drapeado llamado Celia. Lo puedes llevar durante todo el d\u00eda, y vale la pena invertir en ello, ya que te lo llevar\u00e1s para siempre.<\/p>\n<p class=\"p1\"><strong>Product Details:<\/strong><\/p>\n<ul>\n<li>Cotton bodysuit: 94% Cotton, 6% Elastane<\/li>\n<li>Machine washable<\/li>\n<li>Colour: Black<\/li>\n<li>Snap fastening at base<\/li>\n<li>Handmade in Greece<\/li>\n<\/ul>\n<p>&nbsp;<\/p>\n","protected":false},"featured_media":5453,"comment_status":"closed","ping_status":"closed","template":"","meta":{"_acf_changed":false,"_exactmetrics_skip_tracking":false,"_exactmetrics_sitenote_active":false,"_exactmetrics_sitenote_note":"","_exactmetrics_sitenote_category":0},"product_brand":[],"product_cat":[157,161,103,78],"product_tag":[],"class_list":{"0":"post-5536","1":"product","2":"type-product","3":"status-publish","4":"has-post-thumbnail","6":"product_cat-day-to-night","7":"product_cat-online-exclusive","8":"product_cat-corpus","9":"product_cat-cotton","10":"product_shipping_class-standard","12":"first","13":"instock","14":"shipping-taxable","15":"purchasable","16":"product-type-variable"},"acf":[],"_links":{"self":[{"href":"https:\/\/thecedition.com\/es\/wp-json\/wp\/v2\/product\/5536","targetHints":{"allow":["GET"]}}],"collection":[{"href":"https:\/\/thecedition.com\/es\/wp-json\/wp\/v2\/product"}],"about":[{"href":"https:\/\/thecedition.com\/es\/wp-json\/wp\/v2\/types\/product"}],"replies":[{"embeddable":true,"href":"https:\/\/thecedition.com\/es\/wp-json\/wp\/v2\/comments?post=5536"}],"wp:featuredmedia":[{"embeddable":true,"href":"https:\/\/thecedition.com\/es\/wp-json\/wp\/v2\/media\/5453"}],"wp:attachment":[{"href":"https:\/\/thecedition.com\/es\/wp-json\/wp\/v2\/media?parent=5536"}],"wp:term":[{"taxonomy":"product_brand","embeddable":true,"href":"https:\/\/thecedition.com\/es\/wp-json\/wp\/v2\/product_brand?post=5536"},{"taxonomy":"product_cat","embeddable":true,"href":"https:\/\/thecedition.com\/es\/wp-json\/wp\/v2\/product_cat?post=5536"},{"taxonomy":"product_tag","embeddable":true,"href":"https:\/\/thecedition.com\/es\/wp-json\/wp\/v2\/product_tag?post=5536"}],"curies":[{"name":"wp","href":"https:\/\/api.w.org\/{rel}","templated":true}]}}