{"id":5558,"date":"2021-09-08T21:28:30","date_gmt":"2021-09-08T19:28:30","guid":{"rendered":"https:\/\/thecedition.com\/?post_type=product&#038;p=5558"},"modified":"2025-12-18T14:28:21","modified_gmt":"2025-12-18T12:28:21","slug":"tessie","status":"publish","type":"product","link":"https:\/\/thecedition.com\/es\/product\/tessie\/","title":{"rendered":"TESSIE"},"content":{"rendered":"","protected":false},"excerpt":{"rendered":"<p class=\"p1\"><strong>Editor&#8217;s Note:<\/strong><\/p>\n<p>Body drapeado negro con tirantes finos y una cremallera discreta en la parte lateral, es una de nuestras sugerencias para las noches de este invierno. Se puede llevar con una falda o un pantal\u00f3n cigarette de cintura alta. Otra opci\u00f3n excelente para una salida casual es llevarlo con un c\u00e1rdigan suelto y pantalones negros.<\/p>\n<p class=\"p1\"><strong>Product Details:<\/strong><\/p>\n<ul>\n<li>Black lycra bodysuit<\/li>\n<li>Snap fastening at base<\/li>\n<li>Machine washable<\/li>\n<li>Colour: Black<\/li>\n<li>Handmade in Greece<\/li>\n<\/ul>\n<p>&nbsp;<\/p>\n","protected":false},"featured_media":5449,"comment_status":"closed","ping_status":"closed","template":"","meta":{"_acf_changed":false,"_exactmetrics_skip_tracking":false,"_exactmetrics_sitenote_active":false,"_exactmetrics_sitenote_note":"","_exactmetrics_sitenote_category":0},"product_brand":[],"product_cat":[103,46,44],"product_tag":[],"class_list":{"0":"post-5558","1":"product","2":"type-product","3":"status-publish","4":"has-post-thumbnail","6":"product_cat-corpus","7":"product_cat-limited","8":"product_cat-sexy","9":"product_shipping_class-standard","11":"first","12":"outofstock","13":"shipping-taxable","14":"purchasable","15":"product-type-variable"},"acf":[],"_links":{"self":[{"href":"https:\/\/thecedition.com\/es\/wp-json\/wp\/v2\/product\/5558","targetHints":{"allow":["GET"]}}],"collection":[{"href":"https:\/\/thecedition.com\/es\/wp-json\/wp\/v2\/product"}],"about":[{"href":"https:\/\/thecedition.com\/es\/wp-json\/wp\/v2\/types\/product"}],"replies":[{"embeddable":true,"href":"https:\/\/thecedition.com\/es\/wp-json\/wp\/v2\/comments?post=5558"}],"wp:featuredmedia":[{"embeddable":true,"href":"https:\/\/thecedition.com\/es\/wp-json\/wp\/v2\/media\/5449"}],"wp:attachment":[{"href":"https:\/\/thecedition.com\/es\/wp-json\/wp\/v2\/media?parent=5558"}],"wp:term":[{"taxonomy":"product_brand","embeddable":true,"href":"https:\/\/thecedition.com\/es\/wp-json\/wp\/v2\/product_brand?post=5558"},{"taxonomy":"product_cat","embeddable":true,"href":"https:\/\/thecedition.com\/es\/wp-json\/wp\/v2\/product_cat?post=5558"},{"taxonomy":"product_tag","embeddable":true,"href":"https:\/\/thecedition.com\/es\/wp-json\/wp\/v2\/product_tag?post=5558"}],"curies":[{"name":"wp","href":"https:\/\/api.w.org\/{rel}","templated":true}]}}