{"id":5576,"date":"2021-09-10T10:34:23","date_gmt":"2021-09-10T08:34:23","guid":{"rendered":"https:\/\/thecedition.com\/?post_type=product&#038;p=5576"},"modified":"2026-02-26T13:20:21","modified_gmt":"2026-02-26T11:20:21","slug":"skirt-tulle","status":"publish","type":"product","link":"https:\/\/thecedition.com\/es\/product\/skirt-tulle\/","title":{"rendered":"SKIRT (TULLE)"},"content":{"rendered":"","protected":false},"excerpt":{"rendered":"<p class=\"p1\"><strong>Editor&#8217;s Note:<\/strong><\/p>\n<p>Nada adular\u00e1 tu cuerpo tanto, como esta falda drapeada de tul negro. Puedes crear uno de los vestidos m\u00e1s elegantes del a\u00f1o combin\u00e1ndola con el body Vivianne de la colecci\u00f3n Chorus.<\/p>\n<p class=\"p1\"><strong>Product Details:<\/strong><\/p>\n<ul>\n<li>Tulle and Cotton high waisted skirt: 94% Cotton, 6% Elastane<\/li>\n<li>Machine washable<\/li>\n<li>Sizes: SM\/ML<\/li>\n<li>Colour: Black<\/li>\n<li>Handmade in Greece<\/li>\n<\/ul>\n<p>&nbsp;<\/p>\n","protected":false},"featured_media":5447,"comment_status":"closed","ping_status":"closed","template":"","meta":{"_acf_changed":false,"_exactmetrics_skip_tracking":false,"_exactmetrics_sitenote_active":false,"_exactmetrics_sitenote_note":"","_exactmetrics_sitenote_category":0},"product_brand":[],"product_cat":[157,103,78,102,108],"product_tag":[155],"class_list":{"0":"post-5576","1":"product","2":"type-product","3":"status-publish","4":"has-post-thumbnail","6":"product_cat-day-to-night","7":"product_cat-corpus","8":"product_cat-cotton","9":"product_cat-night-out","10":"product_cat-the-skirt-issue","11":"product_tag-best-sellers","12":"product_shipping_class-standard","14":"first","15":"instock","16":"sale","17":"shipping-taxable","18":"purchasable","19":"product-type-variable"},"acf":[],"_links":{"self":[{"href":"https:\/\/thecedition.com\/es\/wp-json\/wp\/v2\/product\/5576","targetHints":{"allow":["GET"]}}],"collection":[{"href":"https:\/\/thecedition.com\/es\/wp-json\/wp\/v2\/product"}],"about":[{"href":"https:\/\/thecedition.com\/es\/wp-json\/wp\/v2\/types\/product"}],"replies":[{"embeddable":true,"href":"https:\/\/thecedition.com\/es\/wp-json\/wp\/v2\/comments?post=5576"}],"wp:featuredmedia":[{"embeddable":true,"href":"https:\/\/thecedition.com\/es\/wp-json\/wp\/v2\/media\/5447"}],"wp:attachment":[{"href":"https:\/\/thecedition.com\/es\/wp-json\/wp\/v2\/media?parent=5576"}],"wp:term":[{"taxonomy":"product_brand","embeddable":true,"href":"https:\/\/thecedition.com\/es\/wp-json\/wp\/v2\/product_brand?post=5576"},{"taxonomy":"product_cat","embeddable":true,"href":"https:\/\/thecedition.com\/es\/wp-json\/wp\/v2\/product_cat?post=5576"},{"taxonomy":"product_tag","embeddable":true,"href":"https:\/\/thecedition.com\/es\/wp-json\/wp\/v2\/product_tag?post=5576"}],"curies":[{"name":"wp","href":"https:\/\/api.w.org\/{rel}","templated":true}]}}