{"id":6397,"date":"2022-03-03T15:02:22","date_gmt":"2022-03-03T13:02:22","guid":{"rendered":"https:\/\/thecedition.com\/?post_type=product&#038;p=6397"},"modified":"2023-05-19T12:14:39","modified_gmt":"2023-05-19T09:14:39","slug":"valeria","status":"publish","type":"product","link":"https:\/\/thecedition.com\/es\/product\/valeria\/","title":{"rendered":"VALERIA"},"content":{"rendered":"","protected":false},"excerpt":{"rendered":"<p><strong>Editor&#8217;s Note:<\/strong><\/p>\n<p>Si algo faltaba de nuestras colecciones anteriores, esto es un body de algod\u00f3n rojo, y Valeria llega a llenar este hueco. Con sus recortes y el tejido doble de este bell\u00edsimo algod\u00f3n, este body se transforma a una pieza atemporal e impresionante. \u00a1Comb\u00ednalo con la falda roja de nuestra marca y crea uno de los estilos m\u00e1s impresionantes de este verano, que no dejaras de llevar!<\/p>\n<p class=\"p1\"><strong>Product Details:<\/strong><\/p>\n<ul>\n<li>Cotton bodysuit: 96% Cotton 4% Elastane<\/li>\n<li>Machine washable<\/li>\n<li>Colour: Red<\/li>\n<li>Snap fastening at base<\/li>\n<li>Handmade in Greece<\/li>\n<\/ul>\n","protected":false},"featured_media":6504,"comment_status":"closed","ping_status":"closed","template":"","meta":{"_acf_changed":false,"_exactmetrics_skip_tracking":false,"_exactmetrics_sitenote_active":false,"_exactmetrics_sitenote_note":"","_exactmetrics_sitenote_category":0},"product_brand":[],"product_cat":[104,78],"product_tag":[],"class_list":{"0":"post-6397","1":"product","2":"type-product","3":"status-publish","4":"has-post-thumbnail","6":"product_cat-charm","7":"product_cat-cotton","8":"product_shipping_class-standard","10":"first","11":"outofstock","12":"shipping-taxable","13":"purchasable","14":"product-type-variable"},"acf":[],"_links":{"self":[{"href":"https:\/\/thecedition.com\/es\/wp-json\/wp\/v2\/product\/6397","targetHints":{"allow":["GET"]}}],"collection":[{"href":"https:\/\/thecedition.com\/es\/wp-json\/wp\/v2\/product"}],"about":[{"href":"https:\/\/thecedition.com\/es\/wp-json\/wp\/v2\/types\/product"}],"replies":[{"embeddable":true,"href":"https:\/\/thecedition.com\/es\/wp-json\/wp\/v2\/comments?post=6397"}],"wp:featuredmedia":[{"embeddable":true,"href":"https:\/\/thecedition.com\/es\/wp-json\/wp\/v2\/media\/6504"}],"wp:attachment":[{"href":"https:\/\/thecedition.com\/es\/wp-json\/wp\/v2\/media?parent=6397"}],"wp:term":[{"taxonomy":"product_brand","embeddable":true,"href":"https:\/\/thecedition.com\/es\/wp-json\/wp\/v2\/product_brand?post=6397"},{"taxonomy":"product_cat","embeddable":true,"href":"https:\/\/thecedition.com\/es\/wp-json\/wp\/v2\/product_cat?post=6397"},{"taxonomy":"product_tag","embeddable":true,"href":"https:\/\/thecedition.com\/es\/wp-json\/wp\/v2\/product_tag?post=6397"}],"curies":[{"name":"wp","href":"https:\/\/api.w.org\/{rel}","templated":true}]}}