{"id":6454,"date":"2022-03-03T15:47:09","date_gmt":"2022-03-03T13:47:09","guid":{"rendered":"https:\/\/thecedition.com\/?post_type=product&#038;p=6454"},"modified":"2023-07-07T10:32:29","modified_gmt":"2023-07-07T07:32:29","slug":"carmen","status":"publish","type":"product","link":"https:\/\/thecedition.com\/es\/product\/carmen\/","title":{"rendered":"CARMEN"},"content":{"rendered":"","protected":false},"excerpt":{"rendered":"<p><strong>Editor&#8217;s Note<\/strong><\/p>\n<p>Elegante e impresionante, el body Carmen trae el escote mellado que se puede usar durante todo el d\u00eda. Su dise\u00f1o resalta el pecho, y se puede usar en varias maneras dependiendo de tu estilo y estado de \u00e1nimo. Te sugerimos usarlo con la falda de flores rojos de nuestra marca para crear un estilo\u00a0siciliano..<\/p>\n<p class=\"p1\"><strong>Product Details:<\/strong><\/p>\n<ul>\n<li>Cotton bodysuit: 96% Cotton 4% Elastane<\/li>\n<li>Machine washable<\/li>\n<li>Colour: Black<\/li>\n<li>Snap fastening at base<\/li>\n<li>Handmade in Greece<\/li>\n<\/ul>\n","protected":false},"featured_media":6507,"comment_status":"closed","ping_status":"closed","template":"","meta":{"_acf_changed":false,"_exactmetrics_skip_tracking":false,"_exactmetrics_sitenote_active":false,"_exactmetrics_sitenote_note":"","_exactmetrics_sitenote_category":0},"product_brand":[],"product_cat":[104,78],"product_tag":[],"class_list":{"0":"post-6454","1":"product","2":"type-product","3":"status-publish","4":"has-post-thumbnail","6":"product_cat-charm","7":"product_cat-cotton","8":"product_shipping_class-standard","10":"first","11":"outofstock","12":"shipping-taxable","13":"purchasable","14":"product-type-variable","15":"has-default-attributes"},"acf":[],"_links":{"self":[{"href":"https:\/\/thecedition.com\/es\/wp-json\/wp\/v2\/product\/6454","targetHints":{"allow":["GET"]}}],"collection":[{"href":"https:\/\/thecedition.com\/es\/wp-json\/wp\/v2\/product"}],"about":[{"href":"https:\/\/thecedition.com\/es\/wp-json\/wp\/v2\/types\/product"}],"replies":[{"embeddable":true,"href":"https:\/\/thecedition.com\/es\/wp-json\/wp\/v2\/comments?post=6454"}],"wp:featuredmedia":[{"embeddable":true,"href":"https:\/\/thecedition.com\/es\/wp-json\/wp\/v2\/media\/6507"}],"wp:attachment":[{"href":"https:\/\/thecedition.com\/es\/wp-json\/wp\/v2\/media?parent=6454"}],"wp:term":[{"taxonomy":"product_brand","embeddable":true,"href":"https:\/\/thecedition.com\/es\/wp-json\/wp\/v2\/product_brand?post=6454"},{"taxonomy":"product_cat","embeddable":true,"href":"https:\/\/thecedition.com\/es\/wp-json\/wp\/v2\/product_cat?post=6454"},{"taxonomy":"product_tag","embeddable":true,"href":"https:\/\/thecedition.com\/es\/wp-json\/wp\/v2\/product_tag?post=6454"}],"curies":[{"name":"wp","href":"https:\/\/api.w.org\/{rel}","templated":true}]}}