{"id":1835,"date":"2018-04-30T10:25:14","date_gmt":"2018-04-30T10:25:14","guid":{"rendered":"https:\/\/thecedition.com\/?post_type=product&#038;p=1835"},"modified":"2026-01-14T12:39:11","modified_gmt":"2026-01-14T10:39:11","slug":"katrina","status":"publish","type":"product","link":"https:\/\/thecedition.com\/fr\/product\/katrina\/","title":{"rendered":"KATRINA"},"content":{"rendered":"","protected":false},"excerpt":{"rendered":"<p><strong>Editor&rsquo;s Note:\u00a0<\/strong><\/p>\n<p class=\"p1\">Le body \u00ab\u00a0Katrina\u00a0\u00bb est le coup de foudre! Vous voulez l&rsquo;avoir parce que vous savez que vous allez le porter. Nous recommandons un pantalon taille haute noir en similicuir et une ceinture en m\u00e9tal, alors qu&rsquo;il peut \u00eatre facilement utilis\u00e9 avec un pantalon classique pour les occasions plus s\u00e9rieuses ou aussi avec des pi\u00e8ces en denim pour une sortie de soir\u00e9e. L\u2019armature qui soutient les seins est tellement stable, donc nous garantissons qu&rsquo;il n&rsquo;y aura pas de risque d&rsquo;exposition. Aussi, pour les plus audacieuses ou celles qui veulent montrer leurs jambes parfaites, la combinaison de \u201cKatrina\u201d avec une jupe courte serait fantastique!<\/p>\n<p><strong>Product Details:\u00a0<\/strong><\/p>\n<ul>\n<li>Black Cotton bodysuit: 94% Cotton, 6% Elastane<\/li>\n<li>Hand wash<\/li>\n<li>Snap fastenings at base<\/li>\n<li>Handmade in Greece<\/li>\n<\/ul>\n","protected":false},"featured_media":1839,"comment_status":"open","ping_status":"closed","template":"","meta":{"_acf_changed":false,"_exactmetrics_skip_tracking":false,"_exactmetrics_sitenote_active":false,"_exactmetrics_sitenote_note":"","_exactmetrics_sitenote_category":0},"product_brand":[],"product_cat":[56,78],"product_tag":[155],"class_list":{"0":"post-1835","1":"product","2":"type-product","3":"status-publish","4":"has-post-thumbnail","6":"product_cat-city","7":"product_cat-cotton","8":"product_tag-best-sellers","9":"product_shipping_class-standard","11":"first","12":"instock","13":"shipping-taxable","14":"purchasable","15":"product-type-variable"},"acf":[],"_links":{"self":[{"href":"https:\/\/thecedition.com\/fr\/wp-json\/wp\/v2\/product\/1835","targetHints":{"allow":["GET"]}}],"collection":[{"href":"https:\/\/thecedition.com\/fr\/wp-json\/wp\/v2\/product"}],"about":[{"href":"https:\/\/thecedition.com\/fr\/wp-json\/wp\/v2\/types\/product"}],"replies":[{"embeddable":true,"href":"https:\/\/thecedition.com\/fr\/wp-json\/wp\/v2\/comments?post=1835"}],"wp:featuredmedia":[{"embeddable":true,"href":"https:\/\/thecedition.com\/fr\/wp-json\/wp\/v2\/media\/1839"}],"wp:attachment":[{"href":"https:\/\/thecedition.com\/fr\/wp-json\/wp\/v2\/media?parent=1835"}],"wp:term":[{"taxonomy":"product_brand","embeddable":true,"href":"https:\/\/thecedition.com\/fr\/wp-json\/wp\/v2\/product_brand?post=1835"},{"taxonomy":"product_cat","embeddable":true,"href":"https:\/\/thecedition.com\/fr\/wp-json\/wp\/v2\/product_cat?post=1835"},{"taxonomy":"product_tag","embeddable":true,"href":"https:\/\/thecedition.com\/fr\/wp-json\/wp\/v2\/product_tag?post=1835"}],"curies":[{"name":"wp","href":"https:\/\/api.w.org\/{rel}","templated":true}]}}