{"id":1867,"date":"2018-04-30T10:23:37","date_gmt":"2018-04-30T10:23:37","guid":{"rendered":"https:\/\/thecedition.com\/?post_type=product&#038;p=1867"},"modified":"2026-04-01T16:03:09","modified_gmt":"2026-04-01T13:03:09","slug":"delphini","status":"publish","type":"product","link":"https:\/\/thecedition.com\/fr\/product\/delphini\/","title":{"rendered":"DELPHINI"},"content":{"rendered":"","protected":false},"excerpt":{"rendered":"<p><strong>Editor&rsquo;s Note:\u00a0<\/strong><\/p>\n<p class=\"p1\">Il n\u2019y a rien de plus estival que \u00ab\u00a0Delphini\u00a0\u00bb! Laissez vos cheveux l\u00e2ch\u00e9s ou compl\u00e8tement boucl\u00e9s, et combinez le body avec des longues jupes de style boho, ou avec un pantalon large noir pour un look gitan unique et \u00e9l\u00e9gant. Nous vous recommandons de porter de nombreux bijoux en or pour compl\u00e9ter votre tenue.<\/p>\n<p><strong>Product Details:\u00a0<\/strong><\/p>\n<ul>\n<li>Black Cotton bodysuit: 94% Cotton, 6% Elastane<\/li>\n<li>Machine washable<\/li>\n<li>Snap fastenings at base<\/li>\n<li>Handmade in Greece<\/li>\n<\/ul>\n","protected":false},"featured_media":1869,"comment_status":"open","ping_status":"closed","template":"","meta":{"_acf_changed":false,"_exactmetrics_skip_tracking":false,"_exactmetrics_sitenote_active":false,"_exactmetrics_sitenote_note":"","_exactmetrics_sitenote_category":0},"product_brand":[],"product_cat":[161,56,78,83],"product_tag":[],"class_list":{"0":"post-1867","1":"product","2":"type-product","3":"status-publish","4":"has-post-thumbnail","6":"product_cat-online-exclusive","7":"product_cat-city","8":"product_cat-cotton","9":"product_cat-summer-essential","10":"product_shipping_class-standard","12":"first","13":"instock","14":"shipping-taxable","15":"purchasable","16":"product-type-variable"},"acf":[],"_links":{"self":[{"href":"https:\/\/thecedition.com\/fr\/wp-json\/wp\/v2\/product\/1867","targetHints":{"allow":["GET"]}}],"collection":[{"href":"https:\/\/thecedition.com\/fr\/wp-json\/wp\/v2\/product"}],"about":[{"href":"https:\/\/thecedition.com\/fr\/wp-json\/wp\/v2\/types\/product"}],"replies":[{"embeddable":true,"href":"https:\/\/thecedition.com\/fr\/wp-json\/wp\/v2\/comments?post=1867"}],"wp:featuredmedia":[{"embeddable":true,"href":"https:\/\/thecedition.com\/fr\/wp-json\/wp\/v2\/media\/1869"}],"wp:attachment":[{"href":"https:\/\/thecedition.com\/fr\/wp-json\/wp\/v2\/media?parent=1867"}],"wp:term":[{"taxonomy":"product_brand","embeddable":true,"href":"https:\/\/thecedition.com\/fr\/wp-json\/wp\/v2\/product_brand?post=1867"},{"taxonomy":"product_cat","embeddable":true,"href":"https:\/\/thecedition.com\/fr\/wp-json\/wp\/v2\/product_cat?post=1867"},{"taxonomy":"product_tag","embeddable":true,"href":"https:\/\/thecedition.com\/fr\/wp-json\/wp\/v2\/product_tag?post=1867"}],"curies":[{"name":"wp","href":"https:\/\/api.w.org\/{rel}","templated":true}]}}