{"id":1882,"date":"2018-04-30T10:22:43","date_gmt":"2018-04-30T10:22:43","guid":{"rendered":"https:\/\/thecedition.com\/?post_type=product&#038;p=1882"},"modified":"2025-12-18T13:23:00","modified_gmt":"2025-12-18T11:23:00","slug":"evelyn","status":"publish","type":"product","link":"https:\/\/thecedition.com\/fr\/product\/evelyn\/","title":{"rendered":"EVELYN"},"content":{"rendered":"","protected":false},"excerpt":{"rendered":"<p><strong>Editor&rsquo;s Note:\u00a0<\/strong><\/p>\n<p class=\"p1\">S\u2019inspire des ann\u00e9es 90 et de Cindy Crawford, le body \u00ab\u00a0Evelyn\u00a0\u00bb est l&rsquo;une des pi\u00e8ces les plus f\u00e9minines de la collection. Faites un maquillage avec des yeux intense, portez des bijoux en or et des sandales \u00e0 talons hauts et laissez votre version f\u00e9minine se r\u00e9v\u00e9ler.<\/p>\n<p><strong>Product Details:\u00a0<\/strong><\/p>\n<ul>\n<li>Black Cotton bodysuit: 94% Cotton, 6% Elastane<\/li>\n<li>Machine washable<\/li>\n<li>Snap fastenings at base<\/li>\n<li>Handmade in Greece<\/li>\n<\/ul>\n","protected":false},"featured_media":1885,"comment_status":"open","ping_status":"closed","template":"","meta":{"_acf_changed":false,"_exactmetrics_skip_tracking":false,"_exactmetrics_sitenote_active":false,"_exactmetrics_sitenote_note":"","_exactmetrics_sitenote_category":0},"product_brand":[],"product_cat":[157,56,78],"product_tag":[],"class_list":{"0":"post-1882","1":"product","2":"type-product","3":"status-publish","4":"has-post-thumbnail","6":"product_cat-day-to-night","7":"product_cat-city","8":"product_cat-cotton","9":"product_shipping_class-standard","11":"first","12":"instock","13":"shipping-taxable","14":"purchasable","15":"product-type-variable"},"acf":[],"_links":{"self":[{"href":"https:\/\/thecedition.com\/fr\/wp-json\/wp\/v2\/product\/1882","targetHints":{"allow":["GET"]}}],"collection":[{"href":"https:\/\/thecedition.com\/fr\/wp-json\/wp\/v2\/product"}],"about":[{"href":"https:\/\/thecedition.com\/fr\/wp-json\/wp\/v2\/types\/product"}],"replies":[{"embeddable":true,"href":"https:\/\/thecedition.com\/fr\/wp-json\/wp\/v2\/comments?post=1882"}],"wp:featuredmedia":[{"embeddable":true,"href":"https:\/\/thecedition.com\/fr\/wp-json\/wp\/v2\/media\/1885"}],"wp:attachment":[{"href":"https:\/\/thecedition.com\/fr\/wp-json\/wp\/v2\/media?parent=1882"}],"wp:term":[{"taxonomy":"product_brand","embeddable":true,"href":"https:\/\/thecedition.com\/fr\/wp-json\/wp\/v2\/product_brand?post=1882"},{"taxonomy":"product_cat","embeddable":true,"href":"https:\/\/thecedition.com\/fr\/wp-json\/wp\/v2\/product_cat?post=1882"},{"taxonomy":"product_tag","embeddable":true,"href":"https:\/\/thecedition.com\/fr\/wp-json\/wp\/v2\/product_tag?post=1882"}],"curies":[{"name":"wp","href":"https:\/\/api.w.org\/{rel}","templated":true}]}}