{"id":1920,"date":"2018-04-30T10:27:49","date_gmt":"2018-04-30T10:27:49","guid":{"rendered":"https:\/\/thecedition.com\/?post_type=product&#038;p=1920"},"modified":"2025-09-25T17:40:05","modified_gmt":"2025-09-25T14:40:05","slug":"liana","status":"publish","type":"product","link":"https:\/\/thecedition.com\/fr\/product\/liana\/","title":{"rendered":"LIANA"},"content":{"rendered":"","protected":false},"excerpt":{"rendered":"<p><strong>Editor&rsquo;s Note:\u00a0<\/strong><\/p>\n<div class=\"page\" title=\"Page 9\">\n<div class=\"section\">\n<div class=\"layoutArea\">\n<div class=\"column\">\n<p class=\"p1\">Il pourrait \u00eatre confondu avec un maillot une pi\u00e8ce, mais cela n&rsquo;est pas le cas. \u00ab\u00a0Liana\u00a0\u00bb est la pi\u00e8ce la plus intemporelle pour votre garde-robe, car elle peut \u00eatre port\u00e9e avec toute combinaison possible. Choisissez un pantalon accrocheur comme un pantalon en similicuir taille haute, noir ou color\u00e9, ou m\u00eame un pantalon de style sport, et compl\u00e9tez votre look avec des sandales \u00e0 talons hauts \u00e0 peine visibles.<\/p>\n<\/div>\n<\/div>\n<\/div>\n<\/div>\n<p><strong>Product Details:\u00a0<\/strong><\/p>\n<ul>\n<li>Black Cotton bodysuit: 94% Cotton, 6% Elastane<\/li>\n<li>Machine washable<\/li>\n<li>Snap fastenings at base<\/li>\n<li>Handmade in Greece<\/li>\n<\/ul>\n","protected":false},"featured_media":1922,"comment_status":"open","ping_status":"closed","template":"","meta":{"_acf_changed":false,"_exactmetrics_skip_tracking":false,"_exactmetrics_sitenote_active":false,"_exactmetrics_sitenote_note":"","_exactmetrics_sitenote_category":0},"product_brand":[],"product_cat":[159,56,78,91,83],"product_tag":[],"class_list":{"0":"post-1920","1":"product","2":"type-product","3":"status-publish","4":"has-post-thumbnail","6":"product_cat-athleisure","7":"product_cat-city","8":"product_cat-cotton","9":"product_cat-stayhome","10":"product_cat-summer-essential","11":"product_shipping_class-standard","13":"first","14":"instock","15":"shipping-taxable","16":"purchasable","17":"product-type-variable"},"acf":[],"_links":{"self":[{"href":"https:\/\/thecedition.com\/fr\/wp-json\/wp\/v2\/product\/1920","targetHints":{"allow":["GET"]}}],"collection":[{"href":"https:\/\/thecedition.com\/fr\/wp-json\/wp\/v2\/product"}],"about":[{"href":"https:\/\/thecedition.com\/fr\/wp-json\/wp\/v2\/types\/product"}],"replies":[{"embeddable":true,"href":"https:\/\/thecedition.com\/fr\/wp-json\/wp\/v2\/comments?post=1920"}],"wp:featuredmedia":[{"embeddable":true,"href":"https:\/\/thecedition.com\/fr\/wp-json\/wp\/v2\/media\/1922"}],"wp:attachment":[{"href":"https:\/\/thecedition.com\/fr\/wp-json\/wp\/v2\/media?parent=1920"}],"wp:term":[{"taxonomy":"product_brand","embeddable":true,"href":"https:\/\/thecedition.com\/fr\/wp-json\/wp\/v2\/product_brand?post=1920"},{"taxonomy":"product_cat","embeddable":true,"href":"https:\/\/thecedition.com\/fr\/wp-json\/wp\/v2\/product_cat?post=1920"},{"taxonomy":"product_tag","embeddable":true,"href":"https:\/\/thecedition.com\/fr\/wp-json\/wp\/v2\/product_tag?post=1920"}],"curies":[{"name":"wp","href":"https:\/\/api.w.org\/{rel}","templated":true}]}}