{"id":348,"date":"2017-05-27T18:33:50","date_gmt":"2017-05-27T18:33:50","guid":{"rendered":"http:\/\/thecedition.com\/?post_type=product&#038;p=348"},"modified":"2026-03-01T22:34:12","modified_gmt":"2026-03-01T20:34:12","slug":"antigoni","status":"publish","type":"product","link":"https:\/\/thecedition.com\/fr\/product\/antigoni\/","title":{"rendered":"ANTIGONI"},"content":{"rendered":"","protected":false},"excerpt":{"rendered":"<p><strong>Editor\u2019s Note<\/strong><\/p>\n<div class=\"page\" title=\"Page 45\">\n<div class=\"section\">\n<div class=\"layoutArea\">\n<div class=\"column\">\n<p>\u00ab\u00a0Antigoni\u00a0\u00bb peut sembler simple \u00e0 premi\u00e8re vue, mais le dos \u00e9tonnera tout le monde par ses lignes g\u00e9om\u00e9triques, qui permettent l&rsquo;utilisation d&rsquo;un soutien-gorge sans bretelles. Soulignez le dos avec une queue de cheval haute, et combinez le body avec un pantalon noir large ou un jean moulant taille haute et des mules.<\/p>\n<\/div>\n<\/div>\n<\/div>\n<\/div>\n<p><strong>Product Details:<\/strong><\/p>\n<ul>\n<li>Cotton bodysuit: 94% Cotton, 6% Elastane<\/li>\n<li>Machine washable<\/li>\n<li>\u00a0Colour: Black<\/li>\n<li>\u00a0Handmade in Greece<\/li>\n<\/ul>\n","protected":false},"featured_media":351,"comment_status":"open","ping_status":"closed","template":"","meta":{"_acf_changed":false,"_exactmetrics_skip_tracking":false,"_exactmetrics_sitenote_active":false,"_exactmetrics_sitenote_note":"","_exactmetrics_sitenote_category":0},"product_brand":[],"product_cat":[159,161,58,78,91,83],"product_tag":[155],"class_list":{"0":"post-348","1":"product","2":"type-product","3":"status-publish","4":"has-post-thumbnail","6":"product_cat-athleisure","7":"product_cat-online-exclusive","8":"product_cat-circle","9":"product_cat-cotton","10":"product_cat-stayhome","11":"product_cat-summer-essential","12":"product_tag-best-sellers","13":"product_shipping_class-standard","15":"first","16":"instock","17":"shipping-taxable","18":"purchasable","19":"product-type-variable"},"acf":[],"_links":{"self":[{"href":"https:\/\/thecedition.com\/fr\/wp-json\/wp\/v2\/product\/348","targetHints":{"allow":["GET"]}}],"collection":[{"href":"https:\/\/thecedition.com\/fr\/wp-json\/wp\/v2\/product"}],"about":[{"href":"https:\/\/thecedition.com\/fr\/wp-json\/wp\/v2\/types\/product"}],"replies":[{"embeddable":true,"href":"https:\/\/thecedition.com\/fr\/wp-json\/wp\/v2\/comments?post=348"}],"wp:featuredmedia":[{"embeddable":true,"href":"https:\/\/thecedition.com\/fr\/wp-json\/wp\/v2\/media\/351"}],"wp:attachment":[{"href":"https:\/\/thecedition.com\/fr\/wp-json\/wp\/v2\/media?parent=348"}],"wp:term":[{"taxonomy":"product_brand","embeddable":true,"href":"https:\/\/thecedition.com\/fr\/wp-json\/wp\/v2\/product_brand?post=348"},{"taxonomy":"product_cat","embeddable":true,"href":"https:\/\/thecedition.com\/fr\/wp-json\/wp\/v2\/product_cat?post=348"},{"taxonomy":"product_tag","embeddable":true,"href":"https:\/\/thecedition.com\/fr\/wp-json\/wp\/v2\/product_tag?post=348"}],"curies":[{"name":"wp","href":"https:\/\/api.w.org\/{rel}","templated":true}]}}