{"id":367,"date":"2017-05-17T12:42:38","date_gmt":"2017-05-17T12:42:38","guid":{"rendered":"http:\/\/thecedition.com\/?post_type=product&#038;p=367"},"modified":"2026-01-12T10:47:31","modified_gmt":"2026-01-12T08:47:31","slug":"mirella","status":"publish","type":"product","link":"https:\/\/thecedition.com\/fr\/product\/mirella\/","title":{"rendered":"MIRELLA"},"content":{"rendered":"","protected":false},"excerpt":{"rendered":"<p><strong>Editor\u2019s Note<\/strong><\/p>\n<div class=\"page\" title=\"Page 53\">\n<div class=\"section\">\n<div class=\"layoutArea\">\n<div class=\"column\">\n<p>\u00ab\u00a0Mirella\u00a0\u00bb est une option classique et intemporelle. C&rsquo;est la pi\u00e8ce que nous devrions toutes avoir dans notre garde-robe, car elle peut \u00eatre utilis\u00e9e tout au long de la journ\u00e9e avec des tenues diff\u00e9rentes, selon votre style individuel. Si vous souhaitez canaliser votre danseuse int\u00e9rieure avec une minijupe, une dame classique avec une jupe longue ou cr\u00e9er une ambiance informelle avec une paire de jeans,<\/p>\n<\/div>\n<\/div>\n<\/div>\n<\/div>\n<div class=\"page\" title=\"Page 54\">\n<div class=\"section\">\n<div class=\"layoutArea\">\n<div class=\"column\">\n<p>\u00ab\u00a0Mirella\u00a0\u00bb est la pi\u00e8ce que vous devez absolument poss\u00e9der. Le d\u00e9collet\u00e9 en V mettra en valeur votre buste, tandis qu&rsquo;une \u00e9pingle de s\u00fbret\u00e9 noire sera tout ce dont vous aurez besoin pour un look plus modeste.<\/p>\n<\/div>\n<\/div>\n<\/div>\n<\/div>\n<p><strong>Product Details:<\/strong><\/p>\n<ul>\n<li>Cotton bodysuit: 94% Cotton, 6% Elastane<\/li>\n<li>Machine washable<\/li>\n<li>Colour: Black<\/li>\n<li>Handmade in Greece<\/li>\n<\/ul>\n<p>&nbsp;<\/p>\n","protected":false},"featured_media":368,"comment_status":"open","ping_status":"closed","template":"","meta":{"_acf_changed":false,"_exactmetrics_skip_tracking":false,"_exactmetrics_sitenote_active":false,"_exactmetrics_sitenote_note":"","_exactmetrics_sitenote_category":0},"product_brand":[],"product_cat":[159,58,78,82],"product_tag":[],"class_list":{"0":"post-367","1":"product","2":"type-product","3":"status-publish","4":"has-post-thumbnail","6":"product_cat-athleisure","7":"product_cat-circle","8":"product_cat-cotton","9":"product_cat-winter-essential","10":"product_shipping_class-standard","12":"first","13":"outofstock","14":"shipping-taxable","15":"purchasable","16":"product-type-variable"},"acf":[],"_links":{"self":[{"href":"https:\/\/thecedition.com\/fr\/wp-json\/wp\/v2\/product\/367","targetHints":{"allow":["GET"]}}],"collection":[{"href":"https:\/\/thecedition.com\/fr\/wp-json\/wp\/v2\/product"}],"about":[{"href":"https:\/\/thecedition.com\/fr\/wp-json\/wp\/v2\/types\/product"}],"replies":[{"embeddable":true,"href":"https:\/\/thecedition.com\/fr\/wp-json\/wp\/v2\/comments?post=367"}],"wp:featuredmedia":[{"embeddable":true,"href":"https:\/\/thecedition.com\/fr\/wp-json\/wp\/v2\/media\/368"}],"wp:attachment":[{"href":"https:\/\/thecedition.com\/fr\/wp-json\/wp\/v2\/media?parent=367"}],"wp:term":[{"taxonomy":"product_brand","embeddable":true,"href":"https:\/\/thecedition.com\/fr\/wp-json\/wp\/v2\/product_brand?post=367"},{"taxonomy":"product_cat","embeddable":true,"href":"https:\/\/thecedition.com\/fr\/wp-json\/wp\/v2\/product_cat?post=367"},{"taxonomy":"product_tag","embeddable":true,"href":"https:\/\/thecedition.com\/fr\/wp-json\/wp\/v2\/product_tag?post=367"}],"curies":[{"name":"wp","href":"https:\/\/api.w.org\/{rel}","templated":true}]}}