{"id":4973,"date":"2021-03-30T15:05:30","date_gmt":"2021-03-30T13:05:30","guid":{"rendered":"https:\/\/thecedition.com\/?post_type=product&#038;p=4973"},"modified":"2025-12-18T14:12:32","modified_gmt":"2025-12-18T12:12:32","slug":"iva","status":"publish","type":"product","link":"https:\/\/thecedition.com\/fr\/product\/iva\/","title":{"rendered":"IVA"},"content":{"rendered":"","protected":false},"excerpt":{"rendered":"<p><strong>Editor&rsquo;s Note<\/strong><\/p>\n<div class=\"page\" title=\"Page 2\">\n<div class=\"section\">\n<div class=\"layoutArea\">\n<div class=\"column\">\n<p class=\"p2\">\u00c9l\u00e9gant et chic, le premier body bleu de la marque, Iva, met en valeur vos \u00e9paules et apporte l&rsquo;ambiance absolue des ann\u00e9es 90. Combinez-le avec du denim et des accessoires aux couleurs audacieuses, avec un sac bandouli\u00e8re vert menthe ou des mules fuchsia. \u00c7a vaut la peine jouer avec les couleurs de vos jupes, en choisissant une jupe portefeuille vert clair.<\/p>\n<\/div>\n<\/div>\n<\/div>\n<\/div>\n<p><strong>Product Details:<\/strong><\/p>\n<ul>\n<li>Bodysuit in 95% acetate 5% spandex<\/li>\n<li>Snap fastening at base<\/li>\n<li>Machine washable<\/li>\n<li>Colour: Blue also available in Black<\/li>\n<li>Handmade in Greece<\/li>\n<\/ul>\n<p>&nbsp;<\/p>\n","protected":false},"featured_media":5092,"comment_status":"closed","ping_status":"closed","template":"","meta":{"_acf_changed":false,"_exactmetrics_skip_tracking":false,"_exactmetrics_sitenote_active":false,"_exactmetrics_sitenote_note":"","_exactmetrics_sitenote_category":0},"product_brand":[],"product_cat":[92,46,79],"product_tag":[],"class_list":{"0":"post-4973","1":"product","2":"type-product","3":"status-publish","4":"has-post-thumbnail","6":"product_cat-chameleon","7":"product_cat-limited","8":"product_cat-unique","9":"product_shipping_class-standard","11":"first","12":"outofstock","13":"shipping-taxable","14":"purchasable","15":"product-type-variable"},"acf":[],"_links":{"self":[{"href":"https:\/\/thecedition.com\/fr\/wp-json\/wp\/v2\/product\/4973","targetHints":{"allow":["GET"]}}],"collection":[{"href":"https:\/\/thecedition.com\/fr\/wp-json\/wp\/v2\/product"}],"about":[{"href":"https:\/\/thecedition.com\/fr\/wp-json\/wp\/v2\/types\/product"}],"replies":[{"embeddable":true,"href":"https:\/\/thecedition.com\/fr\/wp-json\/wp\/v2\/comments?post=4973"}],"wp:featuredmedia":[{"embeddable":true,"href":"https:\/\/thecedition.com\/fr\/wp-json\/wp\/v2\/media\/5092"}],"wp:attachment":[{"href":"https:\/\/thecedition.com\/fr\/wp-json\/wp\/v2\/media?parent=4973"}],"wp:term":[{"taxonomy":"product_brand","embeddable":true,"href":"https:\/\/thecedition.com\/fr\/wp-json\/wp\/v2\/product_brand?post=4973"},{"taxonomy":"product_cat","embeddable":true,"href":"https:\/\/thecedition.com\/fr\/wp-json\/wp\/v2\/product_cat?post=4973"},{"taxonomy":"product_tag","embeddable":true,"href":"https:\/\/thecedition.com\/fr\/wp-json\/wp\/v2\/product_tag?post=4973"}],"curies":[{"name":"wp","href":"https:\/\/api.w.org\/{rel}","templated":true}]}}