{"id":5031,"date":"2021-03-30T14:47:19","date_gmt":"2021-03-30T12:47:19","guid":{"rendered":"https:\/\/thecedition.com\/?post_type=product&#038;p=5031"},"modified":"2025-06-12T17:00:29","modified_gmt":"2025-06-12T14:00:29","slug":"manteu","status":"publish","type":"product","link":"https:\/\/thecedition.com\/fr\/product\/manteu\/","title":{"rendered":"MANTEU"},"content":{"rendered":"","protected":false},"excerpt":{"rendered":"<p><strong>Editor&rsquo;s Note<\/strong><\/p>\n<div class=\"page\" title=\"Page 2\">\n<div class=\"section\">\n<div class=\"layoutArea\">\n<div class=\"column\">\n<p class=\"p1\">Un body bien-aim\u00e9 que vous porterez avec un pantalon en denim, des jupes taille haute, un pantalon ample aux tons naturels, et nous vous recommandons de le combiner avec des jupes portefeuille orange dans l\u2019\u00e9t\u00e9. Notre combinaison pr\u00e9f\u00e9r\u00e9e est un pantalon taille haute gris et des bottes marron. C\u2019est le body id\u00e9al pour les femmes aux seins plus gros, car vous pouvez ajuster le serrage autour du cou comme vous souhaitez. Il vaut la peine de le combiner avec un pantalon ample blanc mais aussi des jupes \u00e0 imprim\u00e9 animal.<\/p>\n<\/div>\n<\/div>\n<\/div>\n<\/div>\n<p><strong>Product Details:<\/strong><\/p>\n<ul>\n<li>Bodysuit in crepe<\/li>\n<li>Snap fastening at base<\/li>\n<li>Zipper on the side<\/li>\n<li>Hand wash<\/li>\n<li>Colour: Brown<\/li>\n<li>The model wears size SM<\/li>\n<li>Handmade in Greece<\/li>\n<\/ul>\n<p>&nbsp;<\/p>\n","protected":false},"featured_media":5077,"comment_status":"closed","ping_status":"closed","template":"","meta":{"_acf_changed":false,"_exactmetrics_skip_tracking":false,"_exactmetrics_sitenote_active":false,"_exactmetrics_sitenote_note":"","_exactmetrics_sitenote_category":0},"product_brand":[],"product_cat":[92,79],"product_tag":[],"class_list":{"0":"post-5031","1":"product","2":"type-product","3":"status-publish","4":"has-post-thumbnail","6":"product_cat-chameleon","7":"product_cat-unique","8":"product_shipping_class-standard","10":"first","11":"instock","12":"shipping-taxable","13":"purchasable","14":"product-type-variable"},"acf":[],"_links":{"self":[{"href":"https:\/\/thecedition.com\/fr\/wp-json\/wp\/v2\/product\/5031","targetHints":{"allow":["GET"]}}],"collection":[{"href":"https:\/\/thecedition.com\/fr\/wp-json\/wp\/v2\/product"}],"about":[{"href":"https:\/\/thecedition.com\/fr\/wp-json\/wp\/v2\/types\/product"}],"replies":[{"embeddable":true,"href":"https:\/\/thecedition.com\/fr\/wp-json\/wp\/v2\/comments?post=5031"}],"wp:featuredmedia":[{"embeddable":true,"href":"https:\/\/thecedition.com\/fr\/wp-json\/wp\/v2\/media\/5077"}],"wp:attachment":[{"href":"https:\/\/thecedition.com\/fr\/wp-json\/wp\/v2\/media?parent=5031"}],"wp:term":[{"taxonomy":"product_brand","embeddable":true,"href":"https:\/\/thecedition.com\/fr\/wp-json\/wp\/v2\/product_brand?post=5031"},{"taxonomy":"product_cat","embeddable":true,"href":"https:\/\/thecedition.com\/fr\/wp-json\/wp\/v2\/product_cat?post=5031"},{"taxonomy":"product_tag","embeddable":true,"href":"https:\/\/thecedition.com\/fr\/wp-json\/wp\/v2\/product_tag?post=5031"}],"curies":[{"name":"wp","href":"https:\/\/api.w.org\/{rel}","templated":true}]}}