{"id":5036,"date":"2021-03-30T14:49:57","date_gmt":"2021-03-30T12:49:57","guid":{"rendered":"https:\/\/thecedition.com\/?post_type=product&#038;p=5036"},"modified":"2023-10-26T14:14:01","modified_gmt":"2023-10-26T11:14:01","slug":"marilena","status":"publish","type":"product","link":"https:\/\/thecedition.com\/fr\/product\/marilena\/","title":{"rendered":"MARILENA"},"content":{"rendered":"","protected":false},"excerpt":{"rendered":"<p><strong>Editor&rsquo;s Note<\/strong><\/p>\n<div class=\"page\" title=\"Page 2\">\n<div class=\"section\">\n<div class=\"layoutArea\">\n<div class=\"column\">\n<p class=\"p1\">Un body enveloppant, dans une teinte naturelle qui peut \u00eatre port\u00e9e tout au long de la journ\u00e9e et de plusieurs fa\u00e7ons. Nous vous sugg\u00e9rons de le combiner avec une jupe portefeuille marrone et des mules, en sachant que le clip sur la poitrine ne vous exposera pas.<\/p>\n<\/div>\n<\/div>\n<\/div>\n<\/div>\n<p><strong>Product Details:<\/strong><\/p>\n<ul>\n<li>Bodysuit in 95% acetate 5% spandex<\/li>\n<li>Snap fastening at base<\/li>\n<li>Hand wash<\/li>\n<li>Colour: Nude<\/li>\n<li>Handmade in Greece<\/li>\n<\/ul>\n<p>&nbsp;<\/p>\n","protected":false},"featured_media":5093,"comment_status":"closed","ping_status":"closed","template":"","meta":{"_acf_changed":false,"_exactmetrics_skip_tracking":false,"_exactmetrics_sitenote_active":false,"_exactmetrics_sitenote_note":"","_exactmetrics_sitenote_category":0},"product_brand":[],"product_cat":[92,80,46,83],"product_tag":[],"class_list":{"0":"post-5036","1":"product","2":"type-product","3":"status-publish","4":"has-post-thumbnail","6":"product_cat-chameleon","7":"product_cat-classic","8":"product_cat-limited","9":"product_cat-summer-essential","10":"product_shipping_class-standard","12":"first","13":"outofstock","14":"shipping-taxable","15":"purchasable","16":"product-type-variable"},"acf":[],"_links":{"self":[{"href":"https:\/\/thecedition.com\/fr\/wp-json\/wp\/v2\/product\/5036","targetHints":{"allow":["GET"]}}],"collection":[{"href":"https:\/\/thecedition.com\/fr\/wp-json\/wp\/v2\/product"}],"about":[{"href":"https:\/\/thecedition.com\/fr\/wp-json\/wp\/v2\/types\/product"}],"replies":[{"embeddable":true,"href":"https:\/\/thecedition.com\/fr\/wp-json\/wp\/v2\/comments?post=5036"}],"wp:featuredmedia":[{"embeddable":true,"href":"https:\/\/thecedition.com\/fr\/wp-json\/wp\/v2\/media\/5093"}],"wp:attachment":[{"href":"https:\/\/thecedition.com\/fr\/wp-json\/wp\/v2\/media?parent=5036"}],"wp:term":[{"taxonomy":"product_brand","embeddable":true,"href":"https:\/\/thecedition.com\/fr\/wp-json\/wp\/v2\/product_brand?post=5036"},{"taxonomy":"product_cat","embeddable":true,"href":"https:\/\/thecedition.com\/fr\/wp-json\/wp\/v2\/product_cat?post=5036"},{"taxonomy":"product_tag","embeddable":true,"href":"https:\/\/thecedition.com\/fr\/wp-json\/wp\/v2\/product_tag?post=5036"}],"curies":[{"name":"wp","href":"https:\/\/api.w.org\/{rel}","templated":true}]}}