{"id":5503,"date":"2021-09-10T10:52:26","date_gmt":"2021-09-10T08:52:26","guid":{"rendered":"https:\/\/thecedition.com\/?post_type=product&#038;p=5503"},"modified":"2023-05-08T12:01:26","modified_gmt":"2023-05-08T09:01:26","slug":"sabrina","status":"publish","type":"product","link":"https:\/\/thecedition.com\/fr\/product\/sabrina\/","title":{"rendered":"SABRINA"},"content":{"rendered":"","protected":false},"excerpt":{"rendered":"<p class=\"p1\"><strong>Editor&rsquo;s Note:<\/strong><\/p>\n<p>Sabrina est le body tendance de la collection Corpus pour cet hiver, et il deviendra le body pr\u00e9f\u00e9r\u00e9 des femmes qui l&rsquo;ach\u00e8teront. C&rsquo;est une pi\u00e8ce limit\u00e9e qui peut \u00eatre port\u00e9e pendant toute la journ\u00e9e et en toutes circonstances, il n&rsquo;est pas transparente, et il flatte toutes les types de morphologie.<\/p>\n<p class=\"p1\"><strong>Product Details:<\/strong><\/p>\n<ul>\n<li>Off white bodysuit<\/li>\n<li>Machine washable<\/li>\n<li>Colour: Off white with white bottom<\/li>\n<li>Sizes: One size<\/li>\n<li>Snap fastening at base<\/li>\n<li>Handmade in Greece<\/li>\n<\/ul>\n<p>&nbsp;<\/p>\n","protected":false},"featured_media":5498,"comment_status":"closed","ping_status":"closed","template":"","meta":{"_acf_changed":false,"_exactmetrics_skip_tracking":false,"_exactmetrics_sitenote_active":false,"_exactmetrics_sitenote_note":"","_exactmetrics_sitenote_category":0},"product_brand":[],"product_cat":[103,46],"product_tag":[],"class_list":{"0":"post-5503","1":"product","2":"type-product","3":"status-publish","4":"has-post-thumbnail","6":"product_cat-corpus","7":"product_cat-limited","8":"product_shipping_class-standard","10":"first","11":"outofstock","12":"shipping-taxable","13":"purchasable","14":"product-type-variable"},"acf":[],"_links":{"self":[{"href":"https:\/\/thecedition.com\/fr\/wp-json\/wp\/v2\/product\/5503","targetHints":{"allow":["GET"]}}],"collection":[{"href":"https:\/\/thecedition.com\/fr\/wp-json\/wp\/v2\/product"}],"about":[{"href":"https:\/\/thecedition.com\/fr\/wp-json\/wp\/v2\/types\/product"}],"replies":[{"embeddable":true,"href":"https:\/\/thecedition.com\/fr\/wp-json\/wp\/v2\/comments?post=5503"}],"wp:featuredmedia":[{"embeddable":true,"href":"https:\/\/thecedition.com\/fr\/wp-json\/wp\/v2\/media\/5498"}],"wp:attachment":[{"href":"https:\/\/thecedition.com\/fr\/wp-json\/wp\/v2\/media?parent=5503"}],"wp:term":[{"taxonomy":"product_brand","embeddable":true,"href":"https:\/\/thecedition.com\/fr\/wp-json\/wp\/v2\/product_brand?post=5503"},{"taxonomy":"product_cat","embeddable":true,"href":"https:\/\/thecedition.com\/fr\/wp-json\/wp\/v2\/product_cat?post=5503"},{"taxonomy":"product_tag","embeddable":true,"href":"https:\/\/thecedition.com\/fr\/wp-json\/wp\/v2\/product_tag?post=5503"}],"curies":[{"name":"wp","href":"https:\/\/api.w.org\/{rel}","templated":true}]}}