{"id":5570,"date":"2021-09-10T10:33:34","date_gmt":"2021-09-10T08:33:34","guid":{"rendered":"https:\/\/thecedition.com\/?post_type=product&#038;p=5570"},"modified":"2025-09-16T12:06:16","modified_gmt":"2025-09-16T09:06:16","slug":"legging-long","status":"publish","type":"product","link":"https:\/\/thecedition.com\/fr\/product\/legging-long\/","title":{"rendered":"LEGGINGS (LONG)"},"content":{"rendered":"","protected":false},"excerpt":{"rendered":"<p class=\"p1\"><strong>Editor&rsquo;s Note:<\/strong><\/p>\n<p>Le coton noir a une qualit\u00e9 merveilleuse. Il flatte tellement le corps f\u00e9minin que vous voudrez l&rsquo;utiliser de toute mani\u00e8re possible. En cons\u00e9quence, nous vous pr\u00e9sentons les leggings que nous recherchons toujours, et que pour une raison ou une autre, nous ne trouvons jamais. Taille haute, ils s\u2019ajuste parfaitement, ils peuvent \u00eatre port\u00e9s toute la journ\u00e9e e par tous les types de corps, et on adore aussi le petit \u00e9trier. Sans doute, c&rsquo;est la pi\u00e8ce essentielle de cette saison!<\/p>\n<p class=\"p1\"><strong>Product Details:<\/strong><\/p>\n<ul>\n<li>Cotton high waisted legging: 94% Cotton, 6% Elastane<\/li>\n<li>Machine washable<\/li>\n<li>Colour: Black<\/li>\n<li>Sizes: SM\/ ML<\/li>\n<li>Handmade in Greece<\/li>\n<\/ul>\n<p>&nbsp;<\/p>\n","protected":false},"featured_media":5497,"comment_status":"closed","ping_status":"closed","template":"","meta":{"_acf_changed":false,"_exactmetrics_skip_tracking":false,"_exactmetrics_sitenote_active":false,"_exactmetrics_sitenote_note":"","_exactmetrics_sitenote_category":0},"product_brand":[],"product_cat":[159,136,103,78],"product_tag":[],"class_list":{"0":"post-5570","1":"product","2":"type-product","3":"status-publish","4":"has-post-thumbnail","6":"product_cat-athleisure","7":"product_cat-leggings","8":"product_cat-corpus","9":"product_cat-cotton","10":"product_shipping_class-standard","12":"first","13":"instock","14":"shipping-taxable","15":"purchasable","16":"product-type-variable"},"acf":[],"_links":{"self":[{"href":"https:\/\/thecedition.com\/fr\/wp-json\/wp\/v2\/product\/5570","targetHints":{"allow":["GET"]}}],"collection":[{"href":"https:\/\/thecedition.com\/fr\/wp-json\/wp\/v2\/product"}],"about":[{"href":"https:\/\/thecedition.com\/fr\/wp-json\/wp\/v2\/types\/product"}],"replies":[{"embeddable":true,"href":"https:\/\/thecedition.com\/fr\/wp-json\/wp\/v2\/comments?post=5570"}],"wp:featuredmedia":[{"embeddable":true,"href":"https:\/\/thecedition.com\/fr\/wp-json\/wp\/v2\/media\/5497"}],"wp:attachment":[{"href":"https:\/\/thecedition.com\/fr\/wp-json\/wp\/v2\/media?parent=5570"}],"wp:term":[{"taxonomy":"product_brand","embeddable":true,"href":"https:\/\/thecedition.com\/fr\/wp-json\/wp\/v2\/product_brand?post=5570"},{"taxonomy":"product_cat","embeddable":true,"href":"https:\/\/thecedition.com\/fr\/wp-json\/wp\/v2\/product_cat?post=5570"},{"taxonomy":"product_tag","embeddable":true,"href":"https:\/\/thecedition.com\/fr\/wp-json\/wp\/v2\/product_tag?post=5570"}],"curies":[{"name":"wp","href":"https:\/\/api.w.org\/{rel}","templated":true}]}}