{"id":5573,"date":"2021-09-10T10:31:37","date_gmt":"2021-09-10T08:31:37","guid":{"rendered":"https:\/\/thecedition.com\/?post_type=product&#038;p=5573"},"modified":"2025-09-16T12:07:27","modified_gmt":"2025-09-16T09:07:27","slug":"legging-short","status":"publish","type":"product","link":"https:\/\/thecedition.com\/fr\/product\/legging-short\/","title":{"rendered":"LEGGINGS (SHORT)"},"content":{"rendered":"","protected":false},"excerpt":{"rendered":"<p class=\"p1\"><strong>Editor&rsquo;s Note:<\/strong><\/p>\n<p>Gr\u00e2ce \u00e0 sa qualit\u00e9 incroyable, le coton noir adule le corps f\u00e9minin tellement que vous voulez le porter de toutes mani\u00e8res possibles. Alors cet hiver, nous vous pr\u00e9sentons les leggings capri noirs, et nous vous donnons l&rsquo;opportunit\u00e9 de cr\u00e9er des styles complets avec la signature de The C Edition. Nous vous sugg\u00e9rons de le combiner avec un de vos bodys noirs pr\u00e9f\u00e9r\u00e9s et avec des mules. Vous pouvez aussi le porter avec un cardigan long ou un pull, et pourquoi pas quand vous restez \u00e0 la maison, ou pour faire une promenade?<\/p>\n<p class=\"p1\"><strong>Product Details:<\/strong><\/p>\n<ul>\n<li>Cotton cropped legging: 94% Cotton, 6% Elastane<\/li>\n<li>Machine washable<\/li>\n<li>Colour: Black<\/li>\n<li>Sizes: SM\/ ML<\/li>\n<li>Handmade in Greece<\/li>\n<\/ul>\n<p>&nbsp;<\/p>\n","protected":false},"featured_media":5484,"comment_status":"closed","ping_status":"closed","template":"","meta":{"_acf_changed":false,"_exactmetrics_skip_tracking":false,"_exactmetrics_sitenote_active":false,"_exactmetrics_sitenote_note":"","_exactmetrics_sitenote_category":0},"product_brand":[],"product_cat":[159,136,103,78],"product_tag":[],"class_list":{"0":"post-5573","1":"product","2":"type-product","3":"status-publish","4":"has-post-thumbnail","6":"product_cat-athleisure","7":"product_cat-leggings","8":"product_cat-corpus","9":"product_cat-cotton","10":"product_shipping_class-standard","12":"first","13":"instock","14":"shipping-taxable","15":"purchasable","16":"product-type-variable"},"acf":[],"_links":{"self":[{"href":"https:\/\/thecedition.com\/fr\/wp-json\/wp\/v2\/product\/5573","targetHints":{"allow":["GET"]}}],"collection":[{"href":"https:\/\/thecedition.com\/fr\/wp-json\/wp\/v2\/product"}],"about":[{"href":"https:\/\/thecedition.com\/fr\/wp-json\/wp\/v2\/types\/product"}],"replies":[{"embeddable":true,"href":"https:\/\/thecedition.com\/fr\/wp-json\/wp\/v2\/comments?post=5573"}],"wp:featuredmedia":[{"embeddable":true,"href":"https:\/\/thecedition.com\/fr\/wp-json\/wp\/v2\/media\/5484"}],"wp:attachment":[{"href":"https:\/\/thecedition.com\/fr\/wp-json\/wp\/v2\/media?parent=5573"}],"wp:term":[{"taxonomy":"product_brand","embeddable":true,"href":"https:\/\/thecedition.com\/fr\/wp-json\/wp\/v2\/product_brand?post=5573"},{"taxonomy":"product_cat","embeddable":true,"href":"https:\/\/thecedition.com\/fr\/wp-json\/wp\/v2\/product_cat?post=5573"},{"taxonomy":"product_tag","embeddable":true,"href":"https:\/\/thecedition.com\/fr\/wp-json\/wp\/v2\/product_tag?post=5573"}],"curies":[{"name":"wp","href":"https:\/\/api.w.org\/{rel}","templated":true}]}}