{"id":5579,"date":"2021-09-10T10:32:29","date_gmt":"2021-09-10T08:32:29","guid":{"rendered":"https:\/\/thecedition.com\/?post_type=product&#038;p=5579"},"modified":"2025-03-10T11:08:17","modified_gmt":"2025-03-10T09:08:17","slug":"skirt-cotton","status":"publish","type":"product","link":"https:\/\/thecedition.com\/fr\/product\/skirt-cotton\/","title":{"rendered":"SKIRT (COTTON)"},"content":{"rendered":"","protected":false},"excerpt":{"rendered":"<p class=\"p1\"><strong>Editor&rsquo;s Note:<\/strong><\/p>\n<p>Le coton noir a une qualit\u00e9 merveilleuse. Il flatte le corps f\u00e9minin tellement que vous voudrez l&rsquo;utiliser de mani\u00e8res diff\u00e9rentes. Pour cette raison nous vous sugg\u00e9rons la premi\u00e8re jupe taille haute de la marque, qui transformera votre body en une robe. Selon le style que vous voulez cr\u00e9er, nous vous recommandons de le porter avec des sandales et un body de soir\u00e9e, ou vous pouvez le porter pendant la journ\u00e9e avec un body basique et des baskets ou des bottes. La jupe s&rsquo;adapte parfaitement \u00e0 votre corps et, malgr\u00e9 sa coupe ajust\u00e9e, elle vous permettra de marcher confortablement.<\/p>\n<p class=\"p1\"><strong>Product Details:<\/strong><\/p>\n<ul>\n<li>Cotton high waisted skirt: 94% Cotton, 6% Elastane<\/li>\n<li>Machine washable<\/li>\n<li>Colour: Black<\/li>\n<li>Sizes: SM\/ML<\/li>\n<li>Handmade in Greece<\/li>\n<\/ul>\n<p>&nbsp;<\/p>\n","protected":false},"featured_media":5463,"comment_status":"closed","ping_status":"closed","template":"","meta":{"_acf_changed":false,"_exactmetrics_skip_tracking":false,"_exactmetrics_sitenote_active":false,"_exactmetrics_sitenote_note":"","_exactmetrics_sitenote_category":0},"product_brand":[],"product_cat":[103,78,83,108],"product_tag":[],"class_list":{"0":"post-5579","1":"product","2":"type-product","3":"status-publish","4":"has-post-thumbnail","6":"product_cat-corpus","7":"product_cat-cotton","8":"product_cat-summer-essential","9":"product_cat-the-skirt-issue","10":"product_shipping_class-standard","12":"first","13":"outofstock","14":"shipping-taxable","15":"purchasable","16":"product-type-variable"},"acf":[],"_links":{"self":[{"href":"https:\/\/thecedition.com\/fr\/wp-json\/wp\/v2\/product\/5579","targetHints":{"allow":["GET"]}}],"collection":[{"href":"https:\/\/thecedition.com\/fr\/wp-json\/wp\/v2\/product"}],"about":[{"href":"https:\/\/thecedition.com\/fr\/wp-json\/wp\/v2\/types\/product"}],"replies":[{"embeddable":true,"href":"https:\/\/thecedition.com\/fr\/wp-json\/wp\/v2\/comments?post=5579"}],"wp:featuredmedia":[{"embeddable":true,"href":"https:\/\/thecedition.com\/fr\/wp-json\/wp\/v2\/media\/5463"}],"wp:attachment":[{"href":"https:\/\/thecedition.com\/fr\/wp-json\/wp\/v2\/media?parent=5579"}],"wp:term":[{"taxonomy":"product_brand","embeddable":true,"href":"https:\/\/thecedition.com\/fr\/wp-json\/wp\/v2\/product_brand?post=5579"},{"taxonomy":"product_cat","embeddable":true,"href":"https:\/\/thecedition.com\/fr\/wp-json\/wp\/v2\/product_cat?post=5579"},{"taxonomy":"product_tag","embeddable":true,"href":"https:\/\/thecedition.com\/fr\/wp-json\/wp\/v2\/product_tag?post=5579"}],"curies":[{"name":"wp","href":"https:\/\/api.w.org\/{rel}","templated":true}]}}