{"id":6356,"date":"2022-03-03T15:12:26","date_gmt":"2022-03-03T13:12:26","guid":{"rendered":"https:\/\/thecedition.com\/?post_type=product&#038;p=6356"},"modified":"2025-12-23T14:14:59","modified_gmt":"2025-12-23T12:14:59","slug":"venia","status":"publish","type":"product","link":"https:\/\/thecedition.com\/fr\/product\/venia\/","title":{"rendered":"VENIA"},"content":{"rendered":"","protected":false},"excerpt":{"rendered":"<p><strong>Editor&rsquo;s Note<\/strong><\/p>\n<p>Le body Venia r\u00e9v\u00e8le les deux \u00e9paules, tandis que les plumes blanches cr\u00e9ent la pi\u00e8ce la plus dramatique et \u00e0 la fois impressionnante de cette saison. Imaginez mettre en valeur votre bronzage en combinant ce body avec un pantalon large blanc ou une jupe longue blanche. Magnifique !<\/p>\n<p class=\"p1\"><strong>Product Details:<\/strong><\/p>\n<ul>\n<li>Cotton bodysuit: 96% cotton 4% elastane with feathers<\/li>\n<li>Hand wash ( exclude the feathers)<\/li>\n<li>Colour: White<\/li>\n<li>Snap fastening at base<\/li>\n<li>Handmade in Greece<\/li>\n<\/ul>\n","protected":false},"featured_media":6359,"comment_status":"closed","ping_status":"closed","template":"","meta":{"_acf_changed":false,"_exactmetrics_skip_tracking":false,"_exactmetrics_sitenote_active":false,"_exactmetrics_sitenote_note":"","_exactmetrics_sitenote_category":0},"product_brand":[],"product_cat":[104,78,102],"product_tag":[],"class_list":{"0":"post-6356","1":"product","2":"type-product","3":"status-publish","4":"has-post-thumbnail","6":"product_cat-charm","7":"product_cat-cotton","8":"product_cat-night-out","9":"product_shipping_class-standard","11":"first","12":"instock","13":"sale","14":"shipping-taxable","15":"purchasable","16":"product-type-variable"},"acf":[],"_links":{"self":[{"href":"https:\/\/thecedition.com\/fr\/wp-json\/wp\/v2\/product\/6356","targetHints":{"allow":["GET"]}}],"collection":[{"href":"https:\/\/thecedition.com\/fr\/wp-json\/wp\/v2\/product"}],"about":[{"href":"https:\/\/thecedition.com\/fr\/wp-json\/wp\/v2\/types\/product"}],"replies":[{"embeddable":true,"href":"https:\/\/thecedition.com\/fr\/wp-json\/wp\/v2\/comments?post=6356"}],"wp:featuredmedia":[{"embeddable":true,"href":"https:\/\/thecedition.com\/fr\/wp-json\/wp\/v2\/media\/6359"}],"wp:attachment":[{"href":"https:\/\/thecedition.com\/fr\/wp-json\/wp\/v2\/media?parent=6356"}],"wp:term":[{"taxonomy":"product_brand","embeddable":true,"href":"https:\/\/thecedition.com\/fr\/wp-json\/wp\/v2\/product_brand?post=6356"},{"taxonomy":"product_cat","embeddable":true,"href":"https:\/\/thecedition.com\/fr\/wp-json\/wp\/v2\/product_cat?post=6356"},{"taxonomy":"product_tag","embeddable":true,"href":"https:\/\/thecedition.com\/fr\/wp-json\/wp\/v2\/product_tag?post=6356"}],"curies":[{"name":"wp","href":"https:\/\/api.w.org\/{rel}","templated":true}]}}