{"id":6382,"date":"2022-03-03T15:27:15","date_gmt":"2022-03-03T13:27:15","guid":{"rendered":"https:\/\/thecedition.com\/?post_type=product&#038;p=6382"},"modified":"2025-12-18T14:23:34","modified_gmt":"2025-12-18T12:23:34","slug":"rebecca","status":"publish","type":"product","link":"https:\/\/thecedition.com\/fr\/product\/rebecca\/","title":{"rendered":"REBECCA"},"content":{"rendered":"","protected":false},"excerpt":{"rendered":"<p><strong>Editor&rsquo;s Note<\/strong><\/p>\n<p>On veut voir le body Rebecca et sa couleur incroyable combin\u00e9 avec un pantalon moulant noir taille haute.<br \/>\n*Notez que les bodys en lycra n&rsquo;ont pas \u00e9t\u00e9 test\u00e9s ni con\u00e7us pour \u00eatre utilis\u00e9s<br \/>\ndans l&rsquo;eau.<\/p>\n<p class=\"p1\"><strong>Product Details:<\/strong><\/p>\n<ul>\n<li>Lycra bodysuit<\/li>\n<li>Hand wash<\/li>\n<li>Colour: Fuchsia<\/li>\n<li>Snap fastening at base<\/li>\n<li>Handmade in Greece<\/li>\n<\/ul>\n","protected":false},"featured_media":6506,"comment_status":"closed","ping_status":"closed","template":"","meta":{"_acf_changed":false,"_exactmetrics_skip_tracking":false,"_exactmetrics_sitenote_active":false,"_exactmetrics_sitenote_note":"","_exactmetrics_sitenote_category":0},"product_brand":[],"product_cat":[104,46,107,44],"product_tag":[],"class_list":{"0":"post-6382","1":"product","2":"type-product","3":"status-publish","4":"has-post-thumbnail","6":"product_cat-charm","7":"product_cat-limited","8":"product_cat-lycra","9":"product_cat-sexy","10":"product_shipping_class-standard","12":"first","13":"outofstock","14":"shipping-taxable","15":"purchasable","16":"product-type-variable"},"acf":[],"_links":{"self":[{"href":"https:\/\/thecedition.com\/fr\/wp-json\/wp\/v2\/product\/6382","targetHints":{"allow":["GET"]}}],"collection":[{"href":"https:\/\/thecedition.com\/fr\/wp-json\/wp\/v2\/product"}],"about":[{"href":"https:\/\/thecedition.com\/fr\/wp-json\/wp\/v2\/types\/product"}],"replies":[{"embeddable":true,"href":"https:\/\/thecedition.com\/fr\/wp-json\/wp\/v2\/comments?post=6382"}],"wp:featuredmedia":[{"embeddable":true,"href":"https:\/\/thecedition.com\/fr\/wp-json\/wp\/v2\/media\/6506"}],"wp:attachment":[{"href":"https:\/\/thecedition.com\/fr\/wp-json\/wp\/v2\/media?parent=6382"}],"wp:term":[{"taxonomy":"product_brand","embeddable":true,"href":"https:\/\/thecedition.com\/fr\/wp-json\/wp\/v2\/product_brand?post=6382"},{"taxonomy":"product_cat","embeddable":true,"href":"https:\/\/thecedition.com\/fr\/wp-json\/wp\/v2\/product_cat?post=6382"},{"taxonomy":"product_tag","embeddable":true,"href":"https:\/\/thecedition.com\/fr\/wp-json\/wp\/v2\/product_tag?post=6382"}],"curies":[{"name":"wp","href":"https:\/\/api.w.org\/{rel}","templated":true}]}}