{"id":6387,"date":"2022-03-03T15:44:31","date_gmt":"2022-03-03T13:44:31","guid":{"rendered":"https:\/\/thecedition.com\/?post_type=product&#038;p=6387"},"modified":"2023-05-08T11:58:35","modified_gmt":"2023-05-08T08:58:35","slug":"marea","status":"publish","type":"product","link":"https:\/\/thecedition.com\/fr\/product\/marea\/","title":{"rendered":"MAREA"},"content":{"rendered":"","protected":false},"excerpt":{"rendered":"<p><strong>Editor&rsquo;s Note\u00a0<\/strong><\/p>\n<p>Blocage des couleurs intense qui doit \u00eatre port\u00e9 avec un pantalon ample de<br \/>\ncouleur unie, noir ou blanc, et combin\u00e9 avec une fine cha\u00eene dor\u00e9e. Le body Marea, ainsi que tous nos bodys sans bretelles, sont tr\u00e8s stables dans la poitrine et peuvent \u00eatre port\u00e9s par des femmes de toutes tailles.<br \/>\n*Notez que les bodys en lycra n&amp;#39;ont pas \u00e9t\u00e9 test\u00e9s ni con\u00e7us pour \u00eatre utilis\u00e9s<br \/>\ndans l&rsquo;eau.<\/p>\n<p class=\"p1\"><strong>Product Details:<\/strong><\/p>\n<ul>\n<li>Lycra bodysuit<\/li>\n<li>Machine washable<\/li>\n<li>Colour: Blue and Green<\/li>\n<li>Snap fastening at base<\/li>\n<li>Handmade in Greece<\/li>\n<\/ul>\n","protected":false},"featured_media":6502,"comment_status":"closed","ping_status":"closed","template":"","meta":{"_acf_changed":false,"_exactmetrics_skip_tracking":false,"_exactmetrics_sitenote_active":false,"_exactmetrics_sitenote_note":"","_exactmetrics_sitenote_category":0},"product_brand":[],"product_cat":[104,107],"product_tag":[],"class_list":{"0":"post-6387","1":"product","2":"type-product","3":"status-publish","4":"has-post-thumbnail","6":"product_cat-charm","7":"product_cat-lycra","8":"product_shipping_class-standard","10":"first","11":"outofstock","12":"shipping-taxable","13":"purchasable","14":"product-type-variable"},"acf":[],"_links":{"self":[{"href":"https:\/\/thecedition.com\/fr\/wp-json\/wp\/v2\/product\/6387","targetHints":{"allow":["GET"]}}],"collection":[{"href":"https:\/\/thecedition.com\/fr\/wp-json\/wp\/v2\/product"}],"about":[{"href":"https:\/\/thecedition.com\/fr\/wp-json\/wp\/v2\/types\/product"}],"replies":[{"embeddable":true,"href":"https:\/\/thecedition.com\/fr\/wp-json\/wp\/v2\/comments?post=6387"}],"wp:featuredmedia":[{"embeddable":true,"href":"https:\/\/thecedition.com\/fr\/wp-json\/wp\/v2\/media\/6502"}],"wp:attachment":[{"href":"https:\/\/thecedition.com\/fr\/wp-json\/wp\/v2\/media?parent=6387"}],"wp:term":[{"taxonomy":"product_brand","embeddable":true,"href":"https:\/\/thecedition.com\/fr\/wp-json\/wp\/v2\/product_brand?post=6387"},{"taxonomy":"product_cat","embeddable":true,"href":"https:\/\/thecedition.com\/fr\/wp-json\/wp\/v2\/product_cat?post=6387"},{"taxonomy":"product_tag","embeddable":true,"href":"https:\/\/thecedition.com\/fr\/wp-json\/wp\/v2\/product_tag?post=6387"}],"curies":[{"name":"wp","href":"https:\/\/api.w.org\/{rel}","templated":true}]}}