{"id":6392,"date":"2022-03-03T15:27:57","date_gmt":"2022-03-03T13:27:57","guid":{"rendered":"https:\/\/thecedition.com\/?post_type=product&#038;p=6392"},"modified":"2023-05-08T11:56:13","modified_gmt":"2023-05-08T08:56:13","slug":"frederica","status":"publish","type":"product","link":"https:\/\/thecedition.com\/fr\/product\/frederica\/","title":{"rendered":"FREDERICA"},"content":{"rendered":"","protected":false},"excerpt":{"rendered":"<p><strong>Editor&rsquo;s Note<\/strong><\/p>\n<p>Le body Frederica est le jardin des fleurs de notre collection, et le v\u00eatement parfait pour le printemps, et peut \u00eatre port\u00e9 avec un pantalon moulant taille haute ou le collant taille haute de The C Edition, une ceinture dor\u00e9e et des mules. Cette tenue couper\u00e1 le souffle \u00e0 tous. Ce tissu a suffisamment d&rsquo;\u00e9lasticit\u00e9 pour s&rsquo;adapter parfaitement \u00e0 votre corps.<\/p>\n<p class=\"p1\"><strong>Product Details:<\/strong><\/p>\n<ul>\n<li>Lycra bodysuit<\/li>\n<li>Machine washable<\/li>\n<li>Colour: Floral<\/li>\n<li>Snap fastening at base<\/li>\n<li>Handmade in Greece<\/li>\n<\/ul>\n","protected":false},"featured_media":6503,"comment_status":"closed","ping_status":"closed","template":"","meta":{"_acf_changed":false,"_exactmetrics_skip_tracking":false,"_exactmetrics_sitenote_active":false,"_exactmetrics_sitenote_note":"","_exactmetrics_sitenote_category":0},"product_brand":[],"product_cat":[104,107],"product_tag":[],"class_list":{"0":"post-6392","1":"product","2":"type-product","3":"status-publish","4":"has-post-thumbnail","6":"product_cat-charm","7":"product_cat-lycra","8":"product_shipping_class-standard","10":"first","11":"outofstock","12":"shipping-taxable","13":"purchasable","14":"product-type-variable"},"acf":[],"_links":{"self":[{"href":"https:\/\/thecedition.com\/fr\/wp-json\/wp\/v2\/product\/6392","targetHints":{"allow":["GET"]}}],"collection":[{"href":"https:\/\/thecedition.com\/fr\/wp-json\/wp\/v2\/product"}],"about":[{"href":"https:\/\/thecedition.com\/fr\/wp-json\/wp\/v2\/types\/product"}],"replies":[{"embeddable":true,"href":"https:\/\/thecedition.com\/fr\/wp-json\/wp\/v2\/comments?post=6392"}],"wp:featuredmedia":[{"embeddable":true,"href":"https:\/\/thecedition.com\/fr\/wp-json\/wp\/v2\/media\/6503"}],"wp:attachment":[{"href":"https:\/\/thecedition.com\/fr\/wp-json\/wp\/v2\/media?parent=6392"}],"wp:term":[{"taxonomy":"product_brand","embeddable":true,"href":"https:\/\/thecedition.com\/fr\/wp-json\/wp\/v2\/product_brand?post=6392"},{"taxonomy":"product_cat","embeddable":true,"href":"https:\/\/thecedition.com\/fr\/wp-json\/wp\/v2\/product_cat?post=6392"},{"taxonomy":"product_tag","embeddable":true,"href":"https:\/\/thecedition.com\/fr\/wp-json\/wp\/v2\/product_tag?post=6392"}],"curies":[{"name":"wp","href":"https:\/\/api.w.org\/{rel}","templated":true}]}}