{"id":6397,"date":"2022-03-03T15:02:22","date_gmt":"2022-03-03T13:02:22","guid":{"rendered":"https:\/\/thecedition.com\/?post_type=product&#038;p=6397"},"modified":"2023-05-19T12:14:39","modified_gmt":"2023-05-19T09:14:39","slug":"valeria","status":"publish","type":"product","link":"https:\/\/thecedition.com\/fr\/product\/valeria\/","title":{"rendered":"VALERIA"},"content":{"rendered":"","protected":false},"excerpt":{"rendered":"<p><strong>Editor&rsquo;s Note:<\/strong><\/p>\n<p>S&rsquo;il manquait quelque chose \u00e0 nos collections pr\u00e9c\u00e9dentes, cela \u00e9tait un body en coton rouge, et Valeria vient \u00e0 combler cette lacune. Avec ses d\u00e9coupes et ce magnifique coton de double tissage, ce body se transforme en une pi\u00e8ce intemporelle et impressionnante. Combinez-le avec la jupe rouge de notre marque et cr\u00e9ez l&rsquo;un des styles les plus impressionnants de cet \u00e9t\u00e9, que vous n&rsquo;arr\u00eaterez pas de porter!<\/p>\n<p class=\"p1\"><strong>Product Details:<\/strong><\/p>\n<ul>\n<li>Cotton bodysuit: 96% Cotton 4% Elastane<\/li>\n<li>Machine washable<\/li>\n<li>Colour: Red<\/li>\n<li>Snap fastening at base<\/li>\n<li>Handmade in Greece<\/li>\n<\/ul>\n","protected":false},"featured_media":6504,"comment_status":"closed","ping_status":"closed","template":"","meta":{"_acf_changed":false,"_exactmetrics_skip_tracking":false,"_exactmetrics_sitenote_active":false,"_exactmetrics_sitenote_note":"","_exactmetrics_sitenote_category":0},"product_brand":[],"product_cat":[104,78],"product_tag":[],"class_list":{"0":"post-6397","1":"product","2":"type-product","3":"status-publish","4":"has-post-thumbnail","6":"product_cat-charm","7":"product_cat-cotton","8":"product_shipping_class-standard","10":"first","11":"outofstock","12":"shipping-taxable","13":"purchasable","14":"product-type-variable"},"acf":[],"_links":{"self":[{"href":"https:\/\/thecedition.com\/fr\/wp-json\/wp\/v2\/product\/6397","targetHints":{"allow":["GET"]}}],"collection":[{"href":"https:\/\/thecedition.com\/fr\/wp-json\/wp\/v2\/product"}],"about":[{"href":"https:\/\/thecedition.com\/fr\/wp-json\/wp\/v2\/types\/product"}],"replies":[{"embeddable":true,"href":"https:\/\/thecedition.com\/fr\/wp-json\/wp\/v2\/comments?post=6397"}],"wp:featuredmedia":[{"embeddable":true,"href":"https:\/\/thecedition.com\/fr\/wp-json\/wp\/v2\/media\/6504"}],"wp:attachment":[{"href":"https:\/\/thecedition.com\/fr\/wp-json\/wp\/v2\/media?parent=6397"}],"wp:term":[{"taxonomy":"product_brand","embeddable":true,"href":"https:\/\/thecedition.com\/fr\/wp-json\/wp\/v2\/product_brand?post=6397"},{"taxonomy":"product_cat","embeddable":true,"href":"https:\/\/thecedition.com\/fr\/wp-json\/wp\/v2\/product_cat?post=6397"},{"taxonomy":"product_tag","embeddable":true,"href":"https:\/\/thecedition.com\/fr\/wp-json\/wp\/v2\/product_tag?post=6397"}],"curies":[{"name":"wp","href":"https:\/\/api.w.org\/{rel}","templated":true}]}}