{"id":6407,"date":"2022-03-03T15:13:28","date_gmt":"2022-03-03T13:13:28","guid":{"rendered":"https:\/\/thecedition.com\/?post_type=product&#038;p=6407"},"modified":"2026-02-06T12:14:46","modified_gmt":"2026-02-06T10:14:46","slug":"angelica","status":"publish","type":"product","link":"https:\/\/thecedition.com\/fr\/product\/angelica\/","title":{"rendered":"ANGELICA"},"content":{"rendered":"","protected":false},"excerpt":{"rendered":"<p><strong>Editor&rsquo;s Note<\/strong><\/p>\n<p>Le body Angelica est une pi\u00e8ce tr\u00e8s s\u00e9duisante et f\u00e9minine. Avec ses fines bretelles et son tissu double, c&rsquo;est la pi\u00e8ce tendance de cet \u00e9t\u00e9, et puis le body que vous devez avoir dans votre garde-robe cette ann\u00e9e.<\/p>\n<p class=\"p1\"><strong>Product Details:<\/strong><\/p>\n<ul>\n<li>Cotton bodysuit: 96% Cotton 4% Elastane<\/li>\n<li>Machine washable<\/li>\n<li>Colour: Black<\/li>\n<li>Snap fastening at base<\/li>\n<li>Handmade in Greece<\/li>\n<\/ul>\n","protected":false},"featured_media":6408,"comment_status":"closed","ping_status":"closed","template":"","meta":{"_acf_changed":false,"_exactmetrics_skip_tracking":false,"_exactmetrics_sitenote_active":false,"_exactmetrics_sitenote_note":"","_exactmetrics_sitenote_category":0},"product_brand":[],"product_cat":[157,104,78],"product_tag":[155],"class_list":{"0":"post-6407","1":"product","2":"type-product","3":"status-publish","4":"has-post-thumbnail","6":"product_cat-day-to-night","7":"product_cat-charm","8":"product_cat-cotton","9":"product_tag-best-sellers","10":"product_shipping_class-standard","12":"first","13":"outofstock","14":"shipping-taxable","15":"purchasable","16":"product-type-variable"},"acf":[],"_links":{"self":[{"href":"https:\/\/thecedition.com\/fr\/wp-json\/wp\/v2\/product\/6407","targetHints":{"allow":["GET"]}}],"collection":[{"href":"https:\/\/thecedition.com\/fr\/wp-json\/wp\/v2\/product"}],"about":[{"href":"https:\/\/thecedition.com\/fr\/wp-json\/wp\/v2\/types\/product"}],"replies":[{"embeddable":true,"href":"https:\/\/thecedition.com\/fr\/wp-json\/wp\/v2\/comments?post=6407"}],"wp:featuredmedia":[{"embeddable":true,"href":"https:\/\/thecedition.com\/fr\/wp-json\/wp\/v2\/media\/6408"}],"wp:attachment":[{"href":"https:\/\/thecedition.com\/fr\/wp-json\/wp\/v2\/media?parent=6407"}],"wp:term":[{"taxonomy":"product_brand","embeddable":true,"href":"https:\/\/thecedition.com\/fr\/wp-json\/wp\/v2\/product_brand?post=6407"},{"taxonomy":"product_cat","embeddable":true,"href":"https:\/\/thecedition.com\/fr\/wp-json\/wp\/v2\/product_cat?post=6407"},{"taxonomy":"product_tag","embeddable":true,"href":"https:\/\/thecedition.com\/fr\/wp-json\/wp\/v2\/product_tag?post=6407"}],"curies":[{"name":"wp","href":"https:\/\/api.w.org\/{rel}","templated":true}]}}