{"id":3449,"date":"2019-10-07T10:28:47","date_gmt":"2019-10-07T10:28:47","guid":{"rendered":"https:\/\/thecedition.com\/?post_type=product&#038;p=3449"},"modified":"2026-03-15T22:08:29","modified_gmt":"2026-03-15T20:08:29","slug":"alice","status":"publish","type":"product","link":"https:\/\/thecedition.com\/it\/product\/alice\/","title":{"rendered":"ALICE"},"content":{"rendered":"","protected":false},"excerpt":{"rendered":"<p><strong>Editor\u2019s Note:\u00a0<\/strong><\/p>\n<div class=\"page\" title=\"Page 2\">\n<div class=\"section\">\n<div class=\"layoutArea\">\n<div class=\"column\">\n<p>Cos\u00ec dolce! Il body &#8220;Alice&#8221; pu\u00f2 essere meglio indossato con pantaloni neri a vita alta, cosicch\u00e9 si possa evidenziare la trasparenza sul petto e le piume sulle maniche. Se vuoi dare pi\u00f9 di movimento alla tua tenuta, puoi combinarlo con una gonna a pieghe nera, con linea A.<\/p>\n<\/div>\n<\/div>\n<\/div>\n<\/div>\n<p><strong>Product Details:\u00a0<\/strong><\/p>\n<ul>\n<li>Black see through bodysuit with cotton lining and feathers<\/li>\n<li>Hand wash<\/li>\n<li>Snap fastenings at base<\/li>\n<li>Handmade in Greece<\/li>\n<\/ul>\n","protected":false},"featured_media":3450,"comment_status":"closed","ping_status":"closed","template":"","meta":{"_acf_changed":false,"_exactmetrics_skip_tracking":false,"_exactmetrics_sitenote_active":false,"_exactmetrics_sitenote_note":"","_exactmetrics_sitenote_category":0},"product_brand":[],"product_cat":[85,46,102],"product_tag":[],"class_list":{"0":"post-3449","1":"product","2":"type-product","3":"status-publish","4":"has-post-thumbnail","6":"product_cat-chronos","7":"product_cat-limited","8":"product_cat-night-out","9":"product_shipping_class-standard","11":"first","12":"outofstock","13":"sale","14":"shipping-taxable","15":"purchasable","16":"product-type-variable"},"acf":[],"_links":{"self":[{"href":"https:\/\/thecedition.com\/it\/wp-json\/wp\/v2\/product\/3449","targetHints":{"allow":["GET"]}}],"collection":[{"href":"https:\/\/thecedition.com\/it\/wp-json\/wp\/v2\/product"}],"about":[{"href":"https:\/\/thecedition.com\/it\/wp-json\/wp\/v2\/types\/product"}],"replies":[{"embeddable":true,"href":"https:\/\/thecedition.com\/it\/wp-json\/wp\/v2\/comments?post=3449"}],"wp:featuredmedia":[{"embeddable":true,"href":"https:\/\/thecedition.com\/it\/wp-json\/wp\/v2\/media\/3450"}],"wp:attachment":[{"href":"https:\/\/thecedition.com\/it\/wp-json\/wp\/v2\/media?parent=3449"}],"wp:term":[{"taxonomy":"product_brand","embeddable":true,"href":"https:\/\/thecedition.com\/it\/wp-json\/wp\/v2\/product_brand?post=3449"},{"taxonomy":"product_cat","embeddable":true,"href":"https:\/\/thecedition.com\/it\/wp-json\/wp\/v2\/product_cat?post=3449"},{"taxonomy":"product_tag","embeddable":true,"href":"https:\/\/thecedition.com\/it\/wp-json\/wp\/v2\/product_tag?post=3449"}],"curies":[{"name":"wp","href":"https:\/\/api.w.org\/{rel}","templated":true}]}}