{"id":373,"date":"2017-05-17T12:46:32","date_gmt":"2017-05-17T12:46:32","guid":{"rendered":"http:\/\/thecedition.com\/?post_type=product&#038;p=373"},"modified":"2025-08-06T16:55:45","modified_gmt":"2025-08-06T13:55:45","slug":"anna","status":"publish","type":"product","link":"https:\/\/thecedition.com\/it\/product\/anna\/","title":{"rendered":"ANNA"},"content":{"rendered":"","protected":false},"excerpt":{"rendered":"<p><strong>Editor\u2019s Note<\/strong><\/p>\n<div class=\"page\" title=\"Page 52\">\n<div class=\"section\">\n<div class=\"layoutArea\">\n<div class=\"column\">\n<p>&#8220;Anna&#8221; mostra la sensualit\u00e0 femminile, evidenziando le spalle e la schiena. Pu\u00f2 essere indossato con pantaloni stretti neri perch\u00e9 il focus rimanga sulla schiena impressionante, o con una gonna semplice in finta pelle. Provalo anche con una maxi gonna attillata e una coda alta.<\/p>\n<\/div>\n<\/div>\n<\/div>\n<\/div>\n<p><strong>Product Details:<\/strong><\/p>\n<ul>\n<li>Cotton bodysuit: 94% Cotton, 6% Elastane<\/li>\n<li>Machine washable<\/li>\n<li>Colour: Black<\/li>\n<li>Handmade in Greece<\/li>\n<\/ul>\n<p>&nbsp;<\/p>\n<p>&nbsp;<\/p>\n","protected":false},"featured_media":376,"comment_status":"open","ping_status":"closed","template":"","meta":{"_acf_changed":false,"_exactmetrics_skip_tracking":false,"_exactmetrics_sitenote_active":false,"_exactmetrics_sitenote_note":"","_exactmetrics_sitenote_category":0},"product_brand":[],"product_cat":[58,78,83],"product_tag":[155],"class_list":{"0":"post-373","1":"product","2":"type-product","3":"status-publish","4":"has-post-thumbnail","6":"product_cat-circle","7":"product_cat-cotton","8":"product_cat-summer-essential","9":"product_tag-best-sellers","10":"product_shipping_class-standard","12":"first","13":"outofstock","14":"shipping-taxable","15":"purchasable","16":"product-type-variable"},"acf":[],"_links":{"self":[{"href":"https:\/\/thecedition.com\/it\/wp-json\/wp\/v2\/product\/373","targetHints":{"allow":["GET"]}}],"collection":[{"href":"https:\/\/thecedition.com\/it\/wp-json\/wp\/v2\/product"}],"about":[{"href":"https:\/\/thecedition.com\/it\/wp-json\/wp\/v2\/types\/product"}],"replies":[{"embeddable":true,"href":"https:\/\/thecedition.com\/it\/wp-json\/wp\/v2\/comments?post=373"}],"wp:featuredmedia":[{"embeddable":true,"href":"https:\/\/thecedition.com\/it\/wp-json\/wp\/v2\/media\/376"}],"wp:attachment":[{"href":"https:\/\/thecedition.com\/it\/wp-json\/wp\/v2\/media?parent=373"}],"wp:term":[{"taxonomy":"product_brand","embeddable":true,"href":"https:\/\/thecedition.com\/it\/wp-json\/wp\/v2\/product_brand?post=373"},{"taxonomy":"product_cat","embeddable":true,"href":"https:\/\/thecedition.com\/it\/wp-json\/wp\/v2\/product_cat?post=373"},{"taxonomy":"product_tag","embeddable":true,"href":"https:\/\/thecedition.com\/it\/wp-json\/wp\/v2\/product_tag?post=373"}],"curies":[{"name":"wp","href":"https:\/\/api.w.org\/{rel}","templated":true}]}}