{"id":4986,"date":"2021-03-30T15:01:16","date_gmt":"2021-03-30T13:01:16","guid":{"rendered":"https:\/\/thecedition.com\/?post_type=product&#038;p=4986"},"modified":"2025-12-18T14:19:10","modified_gmt":"2025-12-18T12:19:10","slug":"monica","status":"publish","type":"product","link":"https:\/\/thecedition.com\/it\/product\/monica\/","title":{"rendered":"MONICA"},"content":{"rendered":"","protected":false},"excerpt":{"rendered":"<p><strong>Editor&#8217;s Note<\/strong><\/p>\n<div class=\"page\" title=\"Page 2\">\n<div class=\"section\">\n<div class=\"layoutArea\">\n<div class=\"column\">\n<p class=\"p1\">Il body rosso che tutte dovremmo avere nel nostro guardaroba \u00e8 ispirato dalla serie &#8220;Dynasty&#8221; e ha il nome pi\u00f9 rappresentativo per il suo colore, che non \u00e8 altro che Monica. Si indossa con pantaloni in denim ma anche con gonne a portafoglio arancioni, creando contrasti di colori intensi, un concetto conosciuto come il famoso e amato color blocking. Ha delle piccole spalline imbottite, mentre la parte posteriore \u00e8 collegata con un cordino dello stesso colore e tessuto che il body.<\/p>\n<\/div>\n<\/div>\n<\/div>\n<\/div>\n<p><strong>Product Details:<\/strong><\/p>\n<ul>\n<li>Bodysuit in 95% acetate 5% spandex<\/li>\n<li>Snap fastening at base<\/li>\n<li>Machine washable<\/li>\n<li>Colour: Red<\/li>\n<li>Handmade in Greece<\/li>\n<\/ul>\n<p>&nbsp;<\/p>\n","protected":false},"featured_media":5100,"comment_status":"closed","ping_status":"closed","template":"","meta":{"_acf_changed":false,"_exactmetrics_skip_tracking":false,"_exactmetrics_sitenote_active":false,"_exactmetrics_sitenote_note":"","_exactmetrics_sitenote_category":0},"product_brand":[],"product_cat":[92,79],"product_tag":[],"class_list":{"0":"post-4986","1":"product","2":"type-product","3":"status-publish","4":"has-post-thumbnail","6":"product_cat-chameleon","7":"product_cat-unique","8":"product_shipping_class-standard","10":"first","11":"outofstock","12":"shipping-taxable","13":"purchasable","14":"product-type-variable"},"acf":[],"_links":{"self":[{"href":"https:\/\/thecedition.com\/it\/wp-json\/wp\/v2\/product\/4986","targetHints":{"allow":["GET"]}}],"collection":[{"href":"https:\/\/thecedition.com\/it\/wp-json\/wp\/v2\/product"}],"about":[{"href":"https:\/\/thecedition.com\/it\/wp-json\/wp\/v2\/types\/product"}],"replies":[{"embeddable":true,"href":"https:\/\/thecedition.com\/it\/wp-json\/wp\/v2\/comments?post=4986"}],"wp:featuredmedia":[{"embeddable":true,"href":"https:\/\/thecedition.com\/it\/wp-json\/wp\/v2\/media\/5100"}],"wp:attachment":[{"href":"https:\/\/thecedition.com\/it\/wp-json\/wp\/v2\/media?parent=4986"}],"wp:term":[{"taxonomy":"product_brand","embeddable":true,"href":"https:\/\/thecedition.com\/it\/wp-json\/wp\/v2\/product_brand?post=4986"},{"taxonomy":"product_cat","embeddable":true,"href":"https:\/\/thecedition.com\/it\/wp-json\/wp\/v2\/product_cat?post=4986"},{"taxonomy":"product_tag","embeddable":true,"href":"https:\/\/thecedition.com\/it\/wp-json\/wp\/v2\/product_tag?post=4986"}],"curies":[{"name":"wp","href":"https:\/\/api.w.org\/{rel}","templated":true}]}}