{"id":6412,"date":"2022-03-03T15:14:25","date_gmt":"2022-03-03T13:14:25","guid":{"rendered":"https:\/\/thecedition.com\/?post_type=product&#038;p=6412"},"modified":"2026-02-18T15:28:40","modified_gmt":"2026-02-18T13:28:40","slug":"chrisanthi","status":"publish","type":"product","link":"https:\/\/thecedition.com\/it\/product\/chrisanthi\/","title":{"rendered":"CHRISANTHI"},"content":{"rendered":"","protected":false},"excerpt":{"rendered":"<p><strong>Editor&#8217;s Note<\/strong><\/p>\n<p>Sapendo quanto gli \u00e8 piaciuto il body Niki, Chrisanthi arriva a stupire con i suoi ritagli sulla scollatura, e cos\u00ec mettere in risalto le spalle femminili. Lo puoi combinare con la gonna pareo di questa collezione e creare lo stile pi\u00f9 mediterraneo dell&#8217;anno.<\/p>\n<p class=\"p1\"><strong>Product Details:<\/strong><\/p>\n<ul>\n<li>Cotton bodysuit: 96% Cotton 4% Elastane<\/li>\n<li>Machine washable<\/li>\n<li>Colour: Black<\/li>\n<li>Snap fastening at base<\/li>\n<li>Handmade in Greece<\/li>\n<\/ul>\n","protected":false},"featured_media":6413,"comment_status":"closed","ping_status":"closed","template":"","meta":{"_acf_changed":false,"_exactmetrics_skip_tracking":false,"_exactmetrics_sitenote_active":false,"_exactmetrics_sitenote_note":"","_exactmetrics_sitenote_category":0},"product_brand":[],"product_cat":[161,104,78],"product_tag":[],"class_list":{"0":"post-6412","1":"product","2":"type-product","3":"status-publish","4":"has-post-thumbnail","6":"product_cat-online-exclusive","7":"product_cat-charm","8":"product_cat-cotton","9":"product_shipping_class-standard","11":"first","12":"instock","13":"shipping-taxable","14":"purchasable","15":"product-type-variable"},"acf":[],"_links":{"self":[{"href":"https:\/\/thecedition.com\/it\/wp-json\/wp\/v2\/product\/6412","targetHints":{"allow":["GET"]}}],"collection":[{"href":"https:\/\/thecedition.com\/it\/wp-json\/wp\/v2\/product"}],"about":[{"href":"https:\/\/thecedition.com\/it\/wp-json\/wp\/v2\/types\/product"}],"replies":[{"embeddable":true,"href":"https:\/\/thecedition.com\/it\/wp-json\/wp\/v2\/comments?post=6412"}],"wp:featuredmedia":[{"embeddable":true,"href":"https:\/\/thecedition.com\/it\/wp-json\/wp\/v2\/media\/6413"}],"wp:attachment":[{"href":"https:\/\/thecedition.com\/it\/wp-json\/wp\/v2\/media?parent=6412"}],"wp:term":[{"taxonomy":"product_brand","embeddable":true,"href":"https:\/\/thecedition.com\/it\/wp-json\/wp\/v2\/product_brand?post=6412"},{"taxonomy":"product_cat","embeddable":true,"href":"https:\/\/thecedition.com\/it\/wp-json\/wp\/v2\/product_cat?post=6412"},{"taxonomy":"product_tag","embeddable":true,"href":"https:\/\/thecedition.com\/it\/wp-json\/wp\/v2\/product_tag?post=6412"}],"curies":[{"name":"wp","href":"https:\/\/api.w.org\/{rel}","templated":true}]}}